{"id":1344,"date":"2024-09-25T16:54:42","date_gmt":"2024-09-25T16:54:42","guid":{"rendered":"http:\/\/ec2-13-60-33-105.eu-north-1.compute.amazonaws.com\/?page_id=1344"},"modified":"2025-10-05T09:10:12","modified_gmt":"2025-10-05T09:10:12","slug":"faq","status":"publish","type":"page","link":"https:\/\/instalajk.rs\/sr\/faq\/","title":{"rendered":"FAQ"},"content":{"rendered":"<script type=\"application\/ld+json\">\r\n{\r\n  \"@context\": \"https:\/\/schema.org\",\r\n  \"@type\": \"FAQPage\",\r\n  \"mainEntity\": [\r\n    {\r\n      \"@type\": \"Question\",\r\n      \"name\": \"Da li je 100% bezbedno kupiti lajkove na ovom sajtu?\",\r\n      \"acceptedAnswer\": {\r\n        \"@type\": \"Answer\",\r\n        \"text\": \"Da, 100% je bezbedno kupiti Instagram pratioce i lajkove. Instagram nikada ne\u0107e sankcionisati korisnike koji kupuju lajkove, pratioce ili prikaze. Razlog zbog kojeg mo\u017eemo biti sigurni da Instagram ne\u0107e zabraniti naloge koji dobijaju kupljene lajkove i pratioce jeste taj \u0161to bi to omogu\u0107ilo bilo kome da kupi lajkove ili pratioce za neki drugi nalog i da taj drugi nalog bude zabranjen. To bi dovelo do toga da ljudi prestanu da koriste Instagram, a Instagram bi prestao da posluje.\"\r\n      }\r\n    },\r\n    {\r\n      \"@type\": \"Question\",\r\n      \"name\": \"Koliko brzo je isporuka?\",\r\n      \"acceptedAnswer\": {\r\n        \"@type\": \"Answer\",\r\n        \"text\": \"Ve\u0107ina porud\u017ebina po\u010dinje u roku od nekoliko minuta i naj\u010de\u0161\u0107e se zavr\u0161ava za manje od 1 sata. Ve\u0107i paketi mogu potrajati malo du\u017ee kako bi rezultati izgledali prirodno.\"\r\n      }\r\n    },\r\n    {\r\n      \"@type\": \"Question\",\r\n      \"name\": \"Da li je mogu\u0107e videti da sam kupio lajkove za svoje objave?\",\r\n      \"acceptedAnswer\": {\r\n        \"@type\": \"Answer\",\r\n        \"text\": \"Ne, to nije mogu\u0107e Svesni smo da mnogi na\u0161i korisnici \u017eele da njihove kupovine ostanu privatne.\"\r\n      }\r\n    },\r\n    {\r\n      \"@type\": \"Question\",\r\n      \"name\": \"Koliko lajkova bi trebalo da imate u pore\u0111enju sa pratiocima?\",\r\n      \"acceptedAnswer\": {\r\n        \"@type\": \"Answer\",\r\n        \"text\": \"Generalno, trebalo bi da imate oko 10% lajkova u odnosu na broj pratilaca.\\nPrimer:\\nAko imate 1000 pratilaca, trebalo bi da imate 100 lajkova po objavi.\"\r\n      }\r\n    }\r\n  ]\r\n}\r\n<\/script>\r\n\n<div class=\"dropdown-container\">\n<div class=\"dropdown-section\" onclick=\"toggleSubsection(this)\">\n<div class=\"section-title\">Da li je 100% bezbedno kupiti lajkove na ovom sajtu?<\/div>\n<div class=\"subsection\">Yes, it is 100% safe to buy Instagram followers and likes. Instagram will never crack down on people who buy likes, followers, or views. The reason why we can be sure that Instagram will not ban accounts that receive bought likes and followers, is that it would allow anyone to buy likes or followers to another account and get that other account banned. Then people would stop using Instagram and Instagram would no longer have a business.<\/div>\n<\/p><\/div>\n<div class=\"dropdown-section\" onclick=\"toggleSubsection(this)\">\n<div class=\"section-title\">How fast is delivery?<\/div>\n<div class=\"subsection\">Most orders start within a few minutes and usually finish in under 1 hour. Larger packages may take a bit longer to ensure natural results.<\/div>\n<\/p><\/div>\n<div class=\"dropdown-section\" onclick=\"toggleSubsection(this)\">\n<div class=\"section-title\">TEST<\/div>\n<div class=\"subsection\">No, it is not possible ???? We are aware that many of our customers want to keep their purchases private.<\/div>\n<\/p><\/div>\n<\/div>\n<div class=\"dropdown-section\" onclick=\"toggleSubsection(this)\">\n<div class=\"section-title\">TEST<\/div>\n<div class=\"subsection\">Generalno, trebalo bi da imate oko 10% lajkova u odnosu na broj pratilaca.<br \/>\nPrimer:<br \/>\nAko imate 1000 pratilaca, trebalo bi da imate 100 lajkova po objavi.<\/div>\n<\/p><\/div>\n<\/div>","protected":false},"excerpt":{"rendered":"<p> \u010cesto postavljana pitanja<\/p>","protected":false},"author":1,"featured_media":0,"parent":0,"menu_order":0,"comment_status":"closed","ping_status":"closed","template":"","meta":{"neve_meta_sidebar":"","neve_meta_container":"","neve_meta_enable_content_width":"","neve_meta_content_width":0,"neve_meta_title_alignment":"","neve_meta_author_avatar":"","neve_post_elements_order":"","neve_meta_disable_header":"","neve_meta_disable_footer":"","neve_meta_disable_title":"","_themeisle_gutenberg_block_has_review":false,"footnotes":""},"class_list":["post-1344","page","type-page","status-publish","hentry"],"yoast_head":"<!-- This site is optimized with the Yoast SEO plugin v25.4 - https:\/\/yoast.com\/wordpress\/plugins\/seo\/ -->\n<title>FAQ - InstaLajk<\/title>\n<meta name=\"description\" content=\"Prona\u0111ite odgovore na \u010desta pitanja o na\u0161im uslugama, narud\u017ebinama, pla\u0107anjima i jo\u0161 mnogo toga na na\u0161oj FAQ stranici. Brzo i lako do\u0111ite do potrebnih informacija!\" \/>\n<meta name=\"robots\" content=\"index, follow, max-snippet:-1, max-image-preview:large, max-video-preview:-1\" \/>\n<link rel=\"canonical\" href=\"https:\/\/instalajk.rs\/sr\/faq\/\" \/>\n<meta property=\"og:locale\" content=\"sr_RS\" \/>\n<meta property=\"og:type\" content=\"article\" \/>\n<meta property=\"og:title\" content=\"FAQ - InstaLajk\" \/>\n<meta property=\"og:description\" content=\"Prona\u0111ite odgovore na \u010desta pitanja o na\u0161im uslugama, narud\u017ebinama, pla\u0107anjima i jo\u0161 mnogo toga na na\u0161oj FAQ stranici. Brzo i lako do\u0111ite do potrebnih informacija!\" \/>\n<meta property=\"og:url\" content=\"https:\/\/instalajk.rs\/sr\/faq\/\" \/>\n<meta property=\"og:site_name\" content=\"InstaLajk\" \/>\n<meta property=\"article:modified_time\" content=\"2025-10-05T09:10:12+00:00\" \/>\n<meta name=\"twitter:card\" content=\"summary_large_image\" \/>\n<meta name=\"twitter:label1\" content=\"\u041f\u0440\u043e\u0446\u0435\u045a\u0435\u043d\u043e \u0432\u0440\u0435\u043c\u0435 \u0447\u0438\u0442\u0430\u045a\u0430\" \/>\n\t<meta name=\"twitter:data1\" content=\"1 \u043c\u0438\u043d\u0443\u0442\" \/>\n<script type=\"application\/ld+json\" class=\"yoast-schema-graph\">{\"@context\":\"https:\/\/schema.org\",\"@graph\":[{\"@type\":\"WebPage\",\"@id\":\"https:\/\/instalajk.rs\/faq\/\",\"url\":\"https:\/\/instalajk.rs\/faq\/\",\"name\":\"FAQ - InstaLajk\",\"isPartOf\":{\"@id\":\"https:\/\/instalajk.rs\/#website\"},\"datePublished\":\"2024-09-25T16:54:42+00:00\",\"dateModified\":\"2025-10-05T09:10:12+00:00\",\"description\":\"Prona\u0111ite odgovore na \u010desta pitanja o na\u0161im uslugama, narud\u017ebinama, pla\u0107anjima i jo\u0161 mnogo toga na na\u0161oj FAQ stranici. Brzo i lako do\u0111ite do potrebnih informacija!\",\"breadcrumb\":{\"@id\":\"https:\/\/instalajk.rs\/faq\/#breadcrumb\"},\"inLanguage\":\"sr-RS\",\"potentialAction\":[{\"@type\":\"ReadAction\",\"target\":[\"https:\/\/instalajk.rs\/faq\/\"]}]},{\"@type\":\"BreadcrumbList\",\"@id\":\"https:\/\/instalajk.rs\/faq\/#breadcrumb\",\"itemListElement\":[{\"@type\":\"ListItem\",\"position\":1,\"name\":\"Home\",\"item\":\"https:\/\/instalajk.rs\/\"},{\"@type\":\"ListItem\",\"position\":2,\"name\":\"FAQ\"}]},{\"@type\":\"WebSite\",\"@id\":\"https:\/\/instalajk.rs\/#website\",\"url\":\"https:\/\/instalajk.rs\/\",\"name\":\"InstaLajk\",\"description\":\"Pobolj\u0161ajte svoj profil sa nama!\",\"publisher\":{\"@id\":\"https:\/\/instalajk.rs\/#\/schema\/person\/05194d1af4afa7cc3aae8f2ae707243e\"},\"potentialAction\":[{\"@type\":\"SearchAction\",\"target\":{\"@type\":\"EntryPoint\",\"urlTemplate\":\"https:\/\/instalajk.rs\/?s={search_term_string}\"},\"query-input\":{\"@type\":\"PropertyValueSpecification\",\"valueRequired\":true,\"valueName\":\"search_term_string\"}}],\"inLanguage\":\"sr-RS\"},{\"@type\":[\"Person\",\"Organization\"],\"@id\":\"https:\/\/instalajk.rs\/#\/schema\/person\/05194d1af4afa7cc3aae8f2ae707243e\",\"name\":\"helpingsocials\",\"image\":{\"@type\":\"ImageObject\",\"inLanguage\":\"sr-RS\",\"@id\":\"https:\/\/instalajk.rs\/#\/schema\/person\/image\/\",\"url\":\"https:\/\/instalajk.rs\/wp-content\/uploads\/2024\/08\/logo-red.png\",\"contentUrl\":\"https:\/\/instalajk.rs\/wp-content\/uploads\/2024\/08\/logo-red.png\",\"width\":453,\"height\":430,\"caption\":\"helpingsocials\"},\"logo\":{\"@id\":\"https:\/\/instalajk.rs\/#\/schema\/person\/image\/\"}}]}<\/script>\n<!-- \/ Yoast SEO plugin. -->","yoast_head_json":{"title":"FAQ - InstaLajk","description":"Prona\u0111ite odgovore na \u010desta pitanja o na\u0161im uslugama, narud\u017ebinama, pla\u0107anjima i jo\u0161 mnogo toga na na\u0161oj FAQ stranici. Brzo i lako do\u0111ite do potrebnih informacija!","robots":{"index":"index","follow":"follow","max-snippet":"max-snippet:-1","max-image-preview":"max-image-preview:large","max-video-preview":"max-video-preview:-1"},"canonical":"https:\/\/instalajk.rs\/sr\/faq\/","og_locale":"sr_RS","og_type":"article","og_title":"FAQ - InstaLajk","og_description":"Prona\u0111ite odgovore na \u010desta pitanja o na\u0161im uslugama, narud\u017ebinama, pla\u0107anjima i jo\u0161 mnogo toga na na\u0161oj FAQ stranici. Brzo i lako do\u0111ite do potrebnih informacija!","og_url":"https:\/\/instalajk.rs\/sr\/faq\/","og_site_name":"InstaLajk","article_modified_time":"2025-10-05T09:10:12+00:00","twitter_card":"summary_large_image","twitter_misc":{"\u041f\u0440\u043e\u0446\u0435\u045a\u0435\u043d\u043e \u0432\u0440\u0435\u043c\u0435 \u0447\u0438\u0442\u0430\u045a\u0430":"1 \u043c\u0438\u043d\u0443\u0442"},"schema":{"@context":"https:\/\/schema.org","@graph":[{"@type":"WebPage","@id":"https:\/\/instalajk.rs\/faq\/","url":"https:\/\/instalajk.rs\/faq\/","name":"FAQ - InstaLajk","isPartOf":{"@id":"https:\/\/instalajk.rs\/#website"},"datePublished":"2024-09-25T16:54:42+00:00","dateModified":"2025-10-05T09:10:12+00:00","description":"Prona\u0111ite odgovore na \u010desta pitanja o na\u0161im uslugama, narud\u017ebinama, pla\u0107anjima i jo\u0161 mnogo toga na na\u0161oj FAQ stranici. Brzo i lako do\u0111ite do potrebnih informacija!","breadcrumb":{"@id":"https:\/\/instalajk.rs\/faq\/#breadcrumb"},"inLanguage":"sr-RS","potentialAction":[{"@type":"ReadAction","target":["https:\/\/instalajk.rs\/faq\/"]}]},{"@type":"BreadcrumbList","@id":"https:\/\/instalajk.rs\/faq\/#breadcrumb","itemListElement":[{"@type":"ListItem","position":1,"name":"Home","item":"https:\/\/instalajk.rs\/"},{"@type":"ListItem","position":2,"name":"FAQ"}]},{"@type":"WebSite","@id":"https:\/\/instalajk.rs\/#website","url":"https:\/\/instalajk.rs\/","name":"InstaLajk","description":"Pobolj\u0161ajte svoj profil sa nama!","publisher":{"@id":"https:\/\/instalajk.rs\/#\/schema\/person\/05194d1af4afa7cc3aae8f2ae707243e"},"potentialAction":[{"@type":"SearchAction","target":{"@type":"EntryPoint","urlTemplate":"https:\/\/instalajk.rs\/?s={search_term_string}"},"query-input":{"@type":"PropertyValueSpecification","valueRequired":true,"valueName":"search_term_string"}}],"inLanguage":"sr-RS"},{"@type":["Person","Organization"],"@id":"https:\/\/instalajk.rs\/#\/schema\/person\/05194d1af4afa7cc3aae8f2ae707243e","name":"helpingsocials","image":{"@type":"ImageObject","inLanguage":"sr-RS","@id":"https:\/\/instalajk.rs\/#\/schema\/person\/image\/","url":"https:\/\/instalajk.rs\/wp-content\/uploads\/2024\/08\/logo-red.png","contentUrl":"https:\/\/instalajk.rs\/wp-content\/uploads\/2024\/08\/logo-red.png","width":453,"height":430,"caption":"helpingsocials"},"logo":{"@id":"https:\/\/instalajk.rs\/#\/schema\/person\/image\/"}}]}},"_links":{"self":[{"href":"https:\/\/instalajk.rs\/sr\/wp-json\/wp\/v2\/pages\/1344","targetHints":{"allow":["GET"]}}],"collection":[{"href":"https:\/\/instalajk.rs\/sr\/wp-json\/wp\/v2\/pages"}],"about":[{"href":"https:\/\/instalajk.rs\/sr\/wp-json\/wp\/v2\/types\/page"}],"author":[{"embeddable":true,"href":"https:\/\/instalajk.rs\/sr\/wp-json\/wp\/v2\/users\/1"}],"replies":[{"embeddable":true,"href":"https:\/\/instalajk.rs\/sr\/wp-json\/wp\/v2\/comments?post=1344"}],"version-history":[{"count":71,"href":"https:\/\/instalajk.rs\/sr\/wp-json\/wp\/v2\/pages\/1344\/revisions"}],"predecessor-version":[{"id":3021,"href":"https:\/\/instalajk.rs\/sr\/wp-json\/wp\/v2\/pages\/1344\/revisions\/3021"}],"wp:attachment":[{"href":"https:\/\/instalajk.rs\/sr\/wp-json\/wp\/v2\/media?parent=1344"}],"curies":[{"name":"wp","href":"https:\/\/api.w.org\/{rel}","templated":true}]}}