{"id":1405,"date":"2024-09-29T09:56:42","date_gmt":"2024-09-29T09:56:42","guid":{"rendered":"http:\/\/ec2-13-60-33-105.eu-north-1.compute.amazonaws.com\/?page_id=1405"},"modified":"2025-11-05T19:53:56","modified_gmt":"2025-11-05T19:53:56","slug":"uslovi-koriscenja","status":"publish","type":"page","link":"https:\/\/instalajk.rs\/sr\/uslovi-koriscenja\/","title":{"rendered":"Uslovi kori\u0161\u0107enja"},"content":{"rendered":"<h2><\/h2>\n<h2>TEST<\/h2>\nInstaLajk.rs accepts online payments via Visa and Mastercard.\nTEST\nTEST\nTEST\n<ul>\n<li>Serbia &#8211; Serbian Dinar (RSD)<\/li>\n<li>European Union \u2013 Euro (EUR)<\/li>\n<\/ul>\n<h2>Opseg usluga i valuta:<\/h2>\n<p>Na\u0161e usluge mogu obuhvatati naloge, lajkove ili pratioce koji poti\u010du iz razli\u010ditih delova sveta i nisu ograni\u010dene isklju\u010divo na Srbiju.<\/p>\n<p>Sve kupovine na ovom sajtu napla\u0107uju se isklju\u010divo u evrima (EUR), iako su cene prikazane u dinarima (RSD) samo u informativne svrhe. Kona\u010dna naplata se uvek vr\u0161i u evrima, a eventualne tro\u0161kove konverzije snosi kupac.<\/p>\n<h2>Varijacija koli\u010dine proizvoda<\/h2>\n<p>Sve kupljene koli\u010dine proizvoda na InstaLajk.rs mogu varirati do 5%. To zna\u010di da isporu\u010dena koli\u010dina mo\u017ee biti ne\u0161to ve\u0107a ili manja od poru\u010dene.<\/p>\n<p>Pored toga, tokom vremena ukupna isporu\u010dena koli\u010dina mo\u017ee se postepeno pove\u0107avati, u zavisnosti od unapre\u0111enja sistema ili optimizacije usluge. Kupci potvr\u0111uju i prihvataju da su male varijacije u isporu\u010denim koli\u010dinama normalan deo na\u0161ih usluga.<br \/>\nInstaLajk.rs uses a secure payment server that encrypts all information with the SSL protocol, ensuring that your data is safe and cannot be read by outsiders.<\/p>\n<h2>TEST<\/h2>\nTEST\n<p>TEST <a href=\"https:\/\/pravno-informacioni-sistem.rs\/\">Pravno Informacioni Sistem website<\/a>.<\/p>\n<h2>Politika privatnosti i korisni\u010dki uslovi<\/h2>\nTEST\nIn order to enter into an agreement with InstaLajk.rs, we need the following information:\n<ul>\n<li>TEST<\/li>\n<li>TEST<\/li>\n<li>TEST<\/li>\n<\/ul>\nTEST\nPersonal data is stored by InstaLajk.rs for up to five years, after which it is deleted.\nTEST\nThe director and employees of Instalajk.rs have access to the information registered about you. We do not store or transmit customer information encrypted.\n<p>As a customer registered with Instalajk.rs, you have the right to object to the registration. You also have the right to access the information we have registered about you. These rights are in accordance with the Law on Personal Data Protection (LPDP), and inquiries regarding this should be directed to <a href=\"mailto:kontakt@instalajk.rs\">kontakt@instalajk.rs<\/a>.<\/p>\n<h2>TEST<\/h2>\nInstaLajk.rs uses cookies to optimize the website and its functionality, making your visit as easy as possible.\nTEST\n<h2>TEST<\/h2>\nWe use log statistics on InstaLajk.rs, meaning that a statistics system gathers information that can provide a statistical overview of how many visitors we have, where they come from, and where they exit the website, etc.\nThe log statistics are used solely for the purpose of optimizing InstaLajk.rs.\n<h2>TEST<\/h2>\nRead more about your consumer protection when making purchases through a Paypal payment solution:\n<h2>TEST<\/h2>\n<p>TEST <a href=\"mailto:kontakt@instalajk.rs\">kontakt@instalajk.rs<\/a> TEST<\/p>\n<p>TEST <a href=\"https:\/\/zastitapotrosaca.gov.rs\/\">https:\/\/zastitapotrosaca.gov.rs<\/a>.<\/p>\n<p>TEST<br \/>\n<a href=\"https:\/\/ec.europa.eu\">https:\/\/ec.europa.eu<\/a><\/p>\n<p><strong>InstaLajk.rs<\/strong><br \/>\nS\u00f8borg Hovedgade 221<br \/>\n2860<br \/>\nEmail: <a href=\"mailto:kontakt@instalajk.rs\">kontakt@instalajk.rs<\/a><br \/>\nCVR: 44003546<\/p>","protected":false},"excerpt":{"rendered":"<p>Imate pitanje?<br \/>\nMo\u017eda su ga drugi ve\u0107 postavili i prona\u0161li odgovor \u2014 jednostavno pogledajte ispod.<br \/>\nAko ne prona\u0111ete svoje pitanje, slobodno nam po\u0161aljite email.<\/p>","protected":false},"author":1,"featured_media":0,"parent":0,"menu_order":0,"comment_status":"closed","ping_status":"closed","template":"","meta":{"neve_meta_sidebar":"","neve_meta_container":"","neve_meta_enable_content_width":"","neve_meta_content_width":0,"neve_meta_title_alignment":"","neve_meta_author_avatar":"","neve_post_elements_order":"","neve_meta_disable_header":"","neve_meta_disable_footer":"","neve_meta_disable_title":"","_themeisle_gutenberg_block_has_review":false,"footnotes":""},"class_list":["post-1405","page","type-page","status-publish","hentry"],"yoast_head":"<!-- This site is optimized with the Yoast SEO plugin v25.4 - https:\/\/yoast.com\/wordpress\/plugins\/seo\/ -->\n<title>Uslovi kori\u0161\u0107enja - InstaLajk<\/title>\n<meta name=\"robots\" content=\"index, follow, max-snippet:-1, max-image-preview:large, max-video-preview:-1\" \/>\n<link rel=\"canonical\" href=\"https:\/\/instalajk.rs\/sr\/uslovi-koriscenja\/\" \/>\n<meta property=\"og:locale\" content=\"sr_RS\" \/>\n<meta property=\"og:type\" content=\"article\" \/>\n<meta property=\"og:title\" content=\"Uslovi kori\u0161\u0107enja - InstaLajk\" \/>\n<meta property=\"og:description\" content=\"Imate pitanje? Mo\u017eda su ga drugi ve\u0107 postavili i prona\u0161li odgovor \u2014 jednostavno pogledajte ispod. Ako ne prona\u0111ete svoje pitanje, slobodno nam po\u0161aljite email.\" \/>\n<meta property=\"og:url\" content=\"https:\/\/instalajk.rs\/sr\/uslovi-koriscenja\/\" \/>\n<meta property=\"og:site_name\" content=\"InstaLajk\" \/>\n<meta property=\"article:modified_time\" content=\"2025-11-05T19:53:56+00:00\" \/>\n<meta name=\"twitter:card\" content=\"summary_large_image\" \/>\n<meta name=\"twitter:label1\" content=\"\u041f\u0440\u043e\u0446\u0435\u045a\u0435\u043d\u043e \u0432\u0440\u0435\u043c\u0435 \u0447\u0438\u0442\u0430\u045a\u0430\" \/>\n\t<meta name=\"twitter:data1\" content=\"4 \u043c\u0438\u043d\u0443\u0442\u0430\" \/>\n<script type=\"application\/ld+json\" class=\"yoast-schema-graph\">{\"@context\":\"https:\/\/schema.org\",\"@graph\":[{\"@type\":\"WebPage\",\"@id\":\"https:\/\/instalajk.rs\/uslovi-koriscenja\/\",\"url\":\"https:\/\/instalajk.rs\/uslovi-koriscenja\/\",\"name\":\"Uslovi kori\u0161\u0107enja - InstaLajk\",\"isPartOf\":{\"@id\":\"https:\/\/instalajk.rs\/#website\"},\"datePublished\":\"2024-09-29T09:56:42+00:00\",\"dateModified\":\"2025-11-05T19:53:56+00:00\",\"breadcrumb\":{\"@id\":\"https:\/\/instalajk.rs\/uslovi-koriscenja\/#breadcrumb\"},\"inLanguage\":\"sr-RS\",\"potentialAction\":[{\"@type\":\"ReadAction\",\"target\":[\"https:\/\/instalajk.rs\/uslovi-koriscenja\/\"]}]},{\"@type\":\"BreadcrumbList\",\"@id\":\"https:\/\/instalajk.rs\/uslovi-koriscenja\/#breadcrumb\",\"itemListElement\":[{\"@type\":\"ListItem\",\"position\":1,\"name\":\"Home\",\"item\":\"https:\/\/instalajk.rs\/\"},{\"@type\":\"ListItem\",\"position\":2,\"name\":\"Uslovi kori\u0161\u0107enja\"}]},{\"@type\":\"WebSite\",\"@id\":\"https:\/\/instalajk.rs\/#website\",\"url\":\"https:\/\/instalajk.rs\/\",\"name\":\"InstaLajk\",\"description\":\"Pobolj\u0161ajte svoj profil sa nama!\",\"publisher\":{\"@id\":\"https:\/\/instalajk.rs\/#\/schema\/person\/05194d1af4afa7cc3aae8f2ae707243e\"},\"potentialAction\":[{\"@type\":\"SearchAction\",\"target\":{\"@type\":\"EntryPoint\",\"urlTemplate\":\"https:\/\/instalajk.rs\/?s={search_term_string}\"},\"query-input\":{\"@type\":\"PropertyValueSpecification\",\"valueRequired\":true,\"valueName\":\"search_term_string\"}}],\"inLanguage\":\"sr-RS\"},{\"@type\":[\"Person\",\"Organization\"],\"@id\":\"https:\/\/instalajk.rs\/#\/schema\/person\/05194d1af4afa7cc3aae8f2ae707243e\",\"name\":\"helpingsocials\",\"image\":{\"@type\":\"ImageObject\",\"inLanguage\":\"sr-RS\",\"@id\":\"https:\/\/instalajk.rs\/#\/schema\/person\/image\/\",\"url\":\"https:\/\/instalajk.rs\/wp-content\/uploads\/2024\/08\/logo-red.png\",\"contentUrl\":\"https:\/\/instalajk.rs\/wp-content\/uploads\/2024\/08\/logo-red.png\",\"width\":453,\"height\":430,\"caption\":\"helpingsocials\"},\"logo\":{\"@id\":\"https:\/\/instalajk.rs\/#\/schema\/person\/image\/\"}}]}<\/script>\n<!-- \/ Yoast SEO plugin. -->","yoast_head_json":{"title":"Uslovi kori\u0161\u0107enja - InstaLajk","robots":{"index":"index","follow":"follow","max-snippet":"max-snippet:-1","max-image-preview":"max-image-preview:large","max-video-preview":"max-video-preview:-1"},"canonical":"https:\/\/instalajk.rs\/sr\/uslovi-koriscenja\/","og_locale":"sr_RS","og_type":"article","og_title":"Uslovi kori\u0161\u0107enja - InstaLajk","og_description":"Imate pitanje? Mo\u017eda su ga drugi ve\u0107 postavili i prona\u0161li odgovor \u2014 jednostavno pogledajte ispod. Ako ne prona\u0111ete svoje pitanje, slobodno nam po\u0161aljite email.","og_url":"https:\/\/instalajk.rs\/sr\/uslovi-koriscenja\/","og_site_name":"InstaLajk","article_modified_time":"2025-11-05T19:53:56+00:00","twitter_card":"summary_large_image","twitter_misc":{"\u041f\u0440\u043e\u0446\u0435\u045a\u0435\u043d\u043e \u0432\u0440\u0435\u043c\u0435 \u0447\u0438\u0442\u0430\u045a\u0430":"4 \u043c\u0438\u043d\u0443\u0442\u0430"},"schema":{"@context":"https:\/\/schema.org","@graph":[{"@type":"WebPage","@id":"https:\/\/instalajk.rs\/uslovi-koriscenja\/","url":"https:\/\/instalajk.rs\/uslovi-koriscenja\/","name":"Uslovi kori\u0161\u0107enja - InstaLajk","isPartOf":{"@id":"https:\/\/instalajk.rs\/#website"},"datePublished":"2024-09-29T09:56:42+00:00","dateModified":"2025-11-05T19:53:56+00:00","breadcrumb":{"@id":"https:\/\/instalajk.rs\/uslovi-koriscenja\/#breadcrumb"},"inLanguage":"sr-RS","potentialAction":[{"@type":"ReadAction","target":["https:\/\/instalajk.rs\/uslovi-koriscenja\/"]}]},{"@type":"BreadcrumbList","@id":"https:\/\/instalajk.rs\/uslovi-koriscenja\/#breadcrumb","itemListElement":[{"@type":"ListItem","position":1,"name":"Home","item":"https:\/\/instalajk.rs\/"},{"@type":"ListItem","position":2,"name":"Uslovi kori\u0161\u0107enja"}]},{"@type":"WebSite","@id":"https:\/\/instalajk.rs\/#website","url":"https:\/\/instalajk.rs\/","name":"InstaLajk","description":"Pobolj\u0161ajte svoj profil sa nama!","publisher":{"@id":"https:\/\/instalajk.rs\/#\/schema\/person\/05194d1af4afa7cc3aae8f2ae707243e"},"potentialAction":[{"@type":"SearchAction","target":{"@type":"EntryPoint","urlTemplate":"https:\/\/instalajk.rs\/?s={search_term_string}"},"query-input":{"@type":"PropertyValueSpecification","valueRequired":true,"valueName":"search_term_string"}}],"inLanguage":"sr-RS"},{"@type":["Person","Organization"],"@id":"https:\/\/instalajk.rs\/#\/schema\/person\/05194d1af4afa7cc3aae8f2ae707243e","name":"helpingsocials","image":{"@type":"ImageObject","inLanguage":"sr-RS","@id":"https:\/\/instalajk.rs\/#\/schema\/person\/image\/","url":"https:\/\/instalajk.rs\/wp-content\/uploads\/2024\/08\/logo-red.png","contentUrl":"https:\/\/instalajk.rs\/wp-content\/uploads\/2024\/08\/logo-red.png","width":453,"height":430,"caption":"helpingsocials"},"logo":{"@id":"https:\/\/instalajk.rs\/#\/schema\/person\/image\/"}}]}},"_links":{"self":[{"href":"https:\/\/instalajk.rs\/sr\/wp-json\/wp\/v2\/pages\/1405","targetHints":{"allow":["GET"]}}],"collection":[{"href":"https:\/\/instalajk.rs\/sr\/wp-json\/wp\/v2\/pages"}],"about":[{"href":"https:\/\/instalajk.rs\/sr\/wp-json\/wp\/v2\/types\/page"}],"author":[{"embeddable":true,"href":"https:\/\/instalajk.rs\/sr\/wp-json\/wp\/v2\/users\/1"}],"replies":[{"embeddable":true,"href":"https:\/\/instalajk.rs\/sr\/wp-json\/wp\/v2\/comments?post=1405"}],"version-history":[{"count":75,"href":"https:\/\/instalajk.rs\/sr\/wp-json\/wp\/v2\/pages\/1405\/revisions"}],"predecessor-version":[{"id":3239,"href":"https:\/\/instalajk.rs\/sr\/wp-json\/wp\/v2\/pages\/1405\/revisions\/3239"}],"wp:attachment":[{"href":"https:\/\/instalajk.rs\/sr\/wp-json\/wp\/v2\/media?parent=1405"}],"curies":[{"name":"wp","href":"https:\/\/api.w.org\/{rel}","templated":true}]}}