{"id":282,"date":"2020-09-10T11:29:10","date_gmt":"2020-09-10T11:29:10","guid":{"rendered":"https:\/\/demosites.io\/shop-gb\/?page_id=282"},"modified":"2025-07-20T08:35:43","modified_gmt":"2025-07-20T08:35:43","slug":"kontakt","status":"publish","type":"page","link":"https:\/\/instalajk.rs\/sr\/kontakt\/","title":{"rendered":"Kontakt"},"content":{"rendered":"<p><meta name=\"description\" content=\"Feel free to contact us immediately if you have any issues! Just send an email or write in the field and we will answer back ASAP!\" \/><\/p>\n\n\n<!--  <div id=\"wp-block-themeisle-blocks-advanced-columns-36e48672\" class=\"wp-block-themeisle-blocks-advanced-columns alignfull has-1-columns has-desktop-equal-layout has-tablet-equal-layout has-mobile-equal-layout has-vertical-center\">\n-->\n<div class=\"wp-block-themeisle-blocks-advanced-columns-overlay\"><\/div><div class=\"innerblocks-wrap\">\n\n<div id=\"wp-block-themeisle-blocks-advanced-column-adc65de0\" class=\"wp-block-themeisle-blocks-advanced-column\">\n\n<h1 class=\"wp-block-heading has-text-align-center has-white-color has-text-color\"><\/h1>\n\n\n<p class=\"has-text-align-center has-nv-text-dark-bg-color has-text-color\"><em><em><\/em><\/em><\/p>\n\n<\/div>\n\n<\/div><\/div>\n<!--\n\n\n<p>--><\/p>\n\n\n<div id=\"wp-block-themeisle-blocks-advanced-columns-045ac48f\" class=\"wp-block-themeisle-blocks-advanced-columns has-2-columns has-desktop-equal-layout has-tablet-equal-layout has-mobile-collapsedRows-layout has-vertical-unset alignfull has-light-bg\"><div class=\"wp-block-themeisle-blocks-advanced-columns-overlay\"><\/div><div class=\"innerblocks-wrap\">\n<div id=\"wp-block-themeisle-blocks-advanced-column-955a30cd\" class=\"wp-block-themeisle-blocks-advanced-column contact-form\">\n<div id=\"wp-block-themeisle-blocks-form-faa8ba2c\" class=\"wp-block-themeisle-blocks-form ticss-49af4101\" data-option-name=\"bf9b28ff82ce323187abc5d0feb0d8f07ecd8436_faa8ba2c\"><form class=\"otter-form__container\" action=\"\">\n<div id=\"wp-block-themeisle-blocks-form-input-3dcefef8\" class=\"wp-block-themeisle-blocks-form-input\"><label for=\"wp-block-themeisle-blocks-form-input-3dcefef8-input\" class=\"otter-form-input-label\"><span class=\"otter-form-input-label__label\">TEST<\/span><span class=\"required\">*<\/span><\/label><input type=\"text\" id=\"wp-block-themeisle-blocks-form-input-3dcefef8-input\" required class=\"otter-form-input\"\/><\/div>\n\n\n\n<div id=\"wp-block-themeisle-blocks-form-input-bc30967c\" class=\"wp-block-themeisle-blocks-form-input\"><label for=\"wp-block-themeisle-blocks-form-input-bc30967c-input\" class=\"otter-form-input-label\"><span class=\"otter-form-input-label__label\">TEST<\/span><span class=\"required\">*<\/span><\/label><input type=\"email\" id=\"wp-block-themeisle-blocks-form-input-bc30967c-input\" required class=\"otter-form-input\"\/><\/div>\n\n\n\n<div id=\"wp-block-themeisle-blocks-form-textarea-dea326cc\" class=\"wp-block-themeisle-blocks-form-textarea\"><label for=\"wp-block-themeisle-blocks-form-textarea-dea326cc-input\" class=\"otter-form-textarea-label\"><span class=\"otter-form-textarea-label__label\">TEST<\/span><\/label><textarea id=\"wp-block-themeisle-blocks-form-textarea-dea326cc-input\" rows=\"10\" class=\"otter-form-textarea-input\"><\/textarea><\/div>\n\n\n<div class=\"protection\" aria-hidden=\"true\"><input type=\"hidden\" id=\"wp-block-themeisle-blocks-form-faa8ba2c_nonce_field\" name=\"wp-block-themeisle-blocks-form-faa8ba2c_nonce_field\" value=\"0981a88bbe\" \/><input type=\"hidden\" name=\"_wp_http_referer\" value=\"\/sr\/wp-json\/wp\/v2\/pages\/282\" \/><input class=\"o-anti-bot\" type=\"checkbox\"><\/div><div class=\"wp-block-button\"><button class=\"wp-block-button__link\" type=\"submit\">Submit<\/button><\/div><input type=\"hidden\" name=\"trp-form-language\" value=\"sr\"\/><\/form><\/div>\n<\/div>\n\n\n\n<div id=\"wp-block-themeisle-blocks-advanced-column-49362605\" class=\"wp-block-themeisle-blocks-advanced-column\">\nDo you have any questions or just want to chit-chat? Don\u2019t hesitate to reach out \u2013 we are ready to help you with anything! It usually takes a MAX of 24 hours to get a reply by email.\n<br>\n<a href=\"mailto:kontakt@instalajk.rs\">Email: kontakt@instalajk.rs<\/a>\n<\/br>\n<p>\n<br>\n<p>TEST <a href=\"http:\/\/instalajk.rs\/index.php\/faq\/\">FAQ<\/a><\/p>\n\n\n<\/div>\n<\/div><\/div>\n\n\n<\/div>\n<\/div>\n<p><!-- \/wp:post-content --><\/p>\n<p><!-- wp:themeisle-blocks\/advanced-columns {\"id\":\"wp-block-themeisle-blocks-advanced-columns-babcac21\",\"columns\":1,\"layout\":\"equal\",\"padding\":{\"top\":\"0px\",\"bottom\":\"0px\",\"left\":\"0px\",\"right\":\"0px\"},\"paddingTablet\":{\"top\":null,\"bottom\":null,\"left\":null,\"right\":null},\"paddingMobile\":{\"top\":null,\"bottom\":null,\"left\":null,\"right\":null},\"margin\":{\"top\":\"0px\",\"bottom\":\"0px\"},\"marginTablet\":{\"top\":null,\"bottom\":null},\"marginMobile\":{\"top\":null,\"bottom\":null},\"columnsHeight\":\"custom\",\"columnsHeightCustom\":300,\"backgroundPosition\":{\"x\":0.67,\"y\":0.55},\"backgroundSize\":\"cover\",\"backgroundOverlayPosition\":{\"x\":\"0.00\",\"y\":\"0.00\"},\"border\":{\"top\":\"0px\",\"bottom\":\"0px\",\"left\":\"0px\",\"right\":\"0px\"},\"borderRadius\":{\"top\":\"0px\",\"bottom\":\"0px\",\"left\":\"0px\",\"right\":\"0px\"},\"dividerTopWidth\":100,\"dividerTopWidthTablet\":100,\"dividerTopWidthMobile\":100,\"dividerTopHeight\":100,\"dividerTopHeightTablet\":100,\"dividerTopHeightMobile\":100,\"dividerBottomWidth\":100,\"dividerBottomWidthTablet\":100,\"dividerBottomWidthMobile\":100,\"dividerBottomHeight\":100,\"dividerBottomHeightTablet\":100,\"dividerBottomHeightMobile\":100,\"align\":\"full\",\"className\":\"\",\"otterConditions\":[]} --><\/p>\n<div id=\"wp-block-themeisle-blocks-advanced-columns-babcac21\" class=\"wp-block-themeisle-blocks-advanced-columns alignfull has-1-columns has-desktop-equal-layout has-tablet-equal-layout has-mobile-equal-layout has-vertical-unset\">\n<div class=\"wp-block-themeisle-blocks-advanced-columns-overlay\"><\/div>\n<div class=\"innerblocks-wrap\"><!-- wp:themeisle-blocks\/advanced-column {\"id\":\"wp-block-themeisle-blocks-advanced-column-4be68ea8\",\"padding\":{\"top\":\"0px\",\"bottom\":\"0px\",\"left\":\"0px\",\"right\":\"0px\"},\"paddingTablet\":{\"top\":null,\"bottom\":null,\"left\":null,\"right\":null},\"paddingMobile\":{\"top\":null,\"bottom\":null,\"left\":null,\"right\":null},\"margin\":{\"top\":\"-20px\",\"bottom\":\"-20px\",\"left\":\"0px\",\"right\":\"0px\"},\"marginTablet\":{\"top\":null,\"bottom\":null,\"left\":null,\"right\":null},\"marginMobile\":{\"top\":null,\"bottom\":null,\"left\":null,\"right\":null},\"backgroundPosition\":{\"x\":\"0.00\",\"y\":\"0.00\"},\"border\":{\"top\":\"0px\",\"bottom\":\"0px\",\"left\":\"0px\",\"right\":\"0px\"},\"borderRadius\":{\"top\":\"0px\",\"bottom\":\"0px\",\"left\":\"0px\",\"right\":\"0px\"},\"columnWidth\":\"100\",\"className\":\"\",\"otterConditions\":[]} --><\/p>\n<div id=\"wp-block-themeisle-blocks-advanced-column-4be68ea8\" class=\"wp-block-themeisle-blocks-advanced-column\"><!-- \/wp:themeisle-blocks\/advanced-column --><\/p>","protected":false},"excerpt":{"rendered":"<p>Slobodno nas kontaktirajte kada vam to odgovara i bi\u0107e nam drago da se pove\u017eemo s vama.<\/p>","protected":false},"author":9,"featured_media":0,"parent":0,"menu_order":0,"comment_status":"closed","ping_status":"closed","template":"","meta":{"neve_meta_sidebar":"full-width","neve_meta_container":"","neve_meta_enable_content_width":"on","neve_meta_content_width":100,"neve_meta_title_alignment":"center","neve_meta_author_avatar":"","neve_post_elements_order":"","neve_meta_disable_header":"","neve_meta_disable_footer":"","neve_meta_disable_title":"on","_themeisle_gutenberg_block_has_review":false,"footnotes":""},"class_list":["post-282","page","type-page","status-publish","hentry"],"yoast_head":"<!-- This site is optimized with the Yoast SEO plugin v25.4 - https:\/\/yoast.com\/wordpress\/plugins\/seo\/ -->\n<title>Kontakt - InstaLajk<\/title>\n<meta name=\"description\" content=\"Slobodno nas kontaktirajte odmah ako imate bilo kakvih problema! Samo po\u0161aljite e-mail ili napi\u0161ite u polje i odgovori\u0107emo \u0161to pre!\" \/>\n<meta name=\"robots\" content=\"index, follow, max-snippet:-1, max-image-preview:large, max-video-preview:-1\" \/>\n<link rel=\"canonical\" href=\"https:\/\/instalajk.rs\/sr\/kontakt\/\" \/>\n<meta property=\"og:locale\" content=\"sr_RS\" \/>\n<meta property=\"og:type\" content=\"article\" \/>\n<meta property=\"og:title\" content=\"Kontakt - InstaLajk\" \/>\n<meta property=\"og:description\" content=\"Slobodno nas kontaktirajte odmah ako imate bilo kakvih problema! Samo po\u0161aljite e-mail ili napi\u0161ite u polje i odgovori\u0107emo \u0161to pre!\" \/>\n<meta property=\"og:url\" content=\"https:\/\/instalajk.rs\/sr\/kontakt\/\" \/>\n<meta property=\"og:site_name\" content=\"InstaLajk\" \/>\n<meta property=\"article:modified_time\" content=\"2025-07-20T08:35:43+00:00\" \/>\n<meta name=\"twitter:card\" content=\"summary_large_image\" \/>\n<meta name=\"twitter:label1\" content=\"\u041f\u0440\u043e\u0446\u0435\u045a\u0435\u043d\u043e \u0432\u0440\u0435\u043c\u0435 \u0447\u0438\u0442\u0430\u045a\u0430\" \/>\n\t<meta name=\"twitter:data1\" content=\"1 \u043c\u0438\u043d\u0443\u0442\" \/>\n<script type=\"application\/ld+json\" class=\"yoast-schema-graph\">{\"@context\":\"https:\/\/schema.org\",\"@graph\":[{\"@type\":\"WebPage\",\"@id\":\"https:\/\/instalajk.rs\/kontakt\/\",\"url\":\"https:\/\/instalajk.rs\/kontakt\/\",\"name\":\"Kontakt - InstaLajk\",\"isPartOf\":{\"@id\":\"https:\/\/instalajk.rs\/#website\"},\"datePublished\":\"2020-09-10T11:29:10+00:00\",\"dateModified\":\"2025-07-20T08:35:43+00:00\",\"description\":\"Slobodno nas kontaktirajte odmah ako imate bilo kakvih problema! Samo po\u0161aljite e-mail ili napi\u0161ite u polje i odgovori\u0107emo \u0161to pre!\",\"breadcrumb\":{\"@id\":\"https:\/\/instalajk.rs\/kontakt\/#breadcrumb\"},\"inLanguage\":\"sr-RS\",\"potentialAction\":[{\"@type\":\"ReadAction\",\"target\":[\"https:\/\/instalajk.rs\/kontakt\/\"]}]},{\"@type\":\"BreadcrumbList\",\"@id\":\"https:\/\/instalajk.rs\/kontakt\/#breadcrumb\",\"itemListElement\":[{\"@type\":\"ListItem\",\"position\":1,\"name\":\"Home\",\"item\":\"https:\/\/instalajk.rs\/\"},{\"@type\":\"ListItem\",\"position\":2,\"name\":\"Kontakt\"}]},{\"@type\":\"WebSite\",\"@id\":\"https:\/\/instalajk.rs\/#website\",\"url\":\"https:\/\/instalajk.rs\/\",\"name\":\"InstaLajk\",\"description\":\"Pobolj\u0161ajte svoj profil sa nama!\",\"publisher\":{\"@id\":\"https:\/\/instalajk.rs\/#\/schema\/person\/05194d1af4afa7cc3aae8f2ae707243e\"},\"potentialAction\":[{\"@type\":\"SearchAction\",\"target\":{\"@type\":\"EntryPoint\",\"urlTemplate\":\"https:\/\/instalajk.rs\/?s={search_term_string}\"},\"query-input\":{\"@type\":\"PropertyValueSpecification\",\"valueRequired\":true,\"valueName\":\"search_term_string\"}}],\"inLanguage\":\"sr-RS\"},{\"@type\":[\"Person\",\"Organization\"],\"@id\":\"https:\/\/instalajk.rs\/#\/schema\/person\/05194d1af4afa7cc3aae8f2ae707243e\",\"name\":\"helpingsocials\",\"image\":{\"@type\":\"ImageObject\",\"inLanguage\":\"sr-RS\",\"@id\":\"https:\/\/instalajk.rs\/#\/schema\/person\/image\/\",\"url\":\"https:\/\/instalajk.rs\/wp-content\/uploads\/2024\/08\/logo-red.png\",\"contentUrl\":\"https:\/\/instalajk.rs\/wp-content\/uploads\/2024\/08\/logo-red.png\",\"width\":453,\"height\":430,\"caption\":\"helpingsocials\"},\"logo\":{\"@id\":\"https:\/\/instalajk.rs\/#\/schema\/person\/image\/\"}}]}<\/script>\n<!-- \/ Yoast SEO plugin. -->","yoast_head_json":{"title":"Kontakt - InstaLajk","description":"Slobodno nas kontaktirajte odmah ako imate bilo kakvih problema! Samo po\u0161aljite e-mail ili napi\u0161ite u polje i odgovori\u0107emo \u0161to pre!","robots":{"index":"index","follow":"follow","max-snippet":"max-snippet:-1","max-image-preview":"max-image-preview:large","max-video-preview":"max-video-preview:-1"},"canonical":"https:\/\/instalajk.rs\/sr\/kontakt\/","og_locale":"sr_RS","og_type":"article","og_title":"Kontakt - InstaLajk","og_description":"Slobodno nas kontaktirajte odmah ako imate bilo kakvih problema! Samo po\u0161aljite e-mail ili napi\u0161ite u polje i odgovori\u0107emo \u0161to pre!","og_url":"https:\/\/instalajk.rs\/sr\/kontakt\/","og_site_name":"InstaLajk","article_modified_time":"2025-07-20T08:35:43+00:00","twitter_card":"summary_large_image","twitter_misc":{"\u041f\u0440\u043e\u0446\u0435\u045a\u0435\u043d\u043e \u0432\u0440\u0435\u043c\u0435 \u0447\u0438\u0442\u0430\u045a\u0430":"1 \u043c\u0438\u043d\u0443\u0442"},"schema":{"@context":"https:\/\/schema.org","@graph":[{"@type":"WebPage","@id":"https:\/\/instalajk.rs\/kontakt\/","url":"https:\/\/instalajk.rs\/kontakt\/","name":"Kontakt - InstaLajk","isPartOf":{"@id":"https:\/\/instalajk.rs\/#website"},"datePublished":"2020-09-10T11:29:10+00:00","dateModified":"2025-07-20T08:35:43+00:00","description":"Slobodno nas kontaktirajte odmah ako imate bilo kakvih problema! Samo po\u0161aljite e-mail ili napi\u0161ite u polje i odgovori\u0107emo \u0161to pre!","breadcrumb":{"@id":"https:\/\/instalajk.rs\/kontakt\/#breadcrumb"},"inLanguage":"sr-RS","potentialAction":[{"@type":"ReadAction","target":["https:\/\/instalajk.rs\/kontakt\/"]}]},{"@type":"BreadcrumbList","@id":"https:\/\/instalajk.rs\/kontakt\/#breadcrumb","itemListElement":[{"@type":"ListItem","position":1,"name":"Home","item":"https:\/\/instalajk.rs\/"},{"@type":"ListItem","position":2,"name":"Kontakt"}]},{"@type":"WebSite","@id":"https:\/\/instalajk.rs\/#website","url":"https:\/\/instalajk.rs\/","name":"InstaLajk","description":"Pobolj\u0161ajte svoj profil sa nama!","publisher":{"@id":"https:\/\/instalajk.rs\/#\/schema\/person\/05194d1af4afa7cc3aae8f2ae707243e"},"potentialAction":[{"@type":"SearchAction","target":{"@type":"EntryPoint","urlTemplate":"https:\/\/instalajk.rs\/?s={search_term_string}"},"query-input":{"@type":"PropertyValueSpecification","valueRequired":true,"valueName":"search_term_string"}}],"inLanguage":"sr-RS"},{"@type":["Person","Organization"],"@id":"https:\/\/instalajk.rs\/#\/schema\/person\/05194d1af4afa7cc3aae8f2ae707243e","name":"helpingsocials","image":{"@type":"ImageObject","inLanguage":"sr-RS","@id":"https:\/\/instalajk.rs\/#\/schema\/person\/image\/","url":"https:\/\/instalajk.rs\/wp-content\/uploads\/2024\/08\/logo-red.png","contentUrl":"https:\/\/instalajk.rs\/wp-content\/uploads\/2024\/08\/logo-red.png","width":453,"height":430,"caption":"helpingsocials"},"logo":{"@id":"https:\/\/instalajk.rs\/#\/schema\/person\/image\/"}}]}},"_links":{"self":[{"href":"https:\/\/instalajk.rs\/sr\/wp-json\/wp\/v2\/pages\/282","targetHints":{"allow":["GET"]}}],"collection":[{"href":"https:\/\/instalajk.rs\/sr\/wp-json\/wp\/v2\/pages"}],"about":[{"href":"https:\/\/instalajk.rs\/sr\/wp-json\/wp\/v2\/types\/page"}],"author":[{"embeddable":true,"href":"https:\/\/instalajk.rs\/sr\/wp-json\/wp\/v2\/users\/9"}],"replies":[{"embeddable":true,"href":"https:\/\/instalajk.rs\/sr\/wp-json\/wp\/v2\/comments?post=282"}],"version-history":[{"count":55,"href":"https:\/\/instalajk.rs\/sr\/wp-json\/wp\/v2\/pages\/282\/revisions"}],"predecessor-version":[{"id":2653,"href":"https:\/\/instalajk.rs\/sr\/wp-json\/wp\/v2\/pages\/282\/revisions\/2653"}],"wp:attachment":[{"href":"https:\/\/instalajk.rs\/sr\/wp-json\/wp\/v2\/media?parent=282"}],"curies":[{"name":"wp","href":"https:\/\/api.w.org\/{rel}","templated":true}]}}