{"id":29,"date":"2024-07-21T12:18:15","date_gmt":"2024-07-21T12:18:15","guid":{"rendered":"http:\/\/ec2-13-60-33-105.eu-north-1.compute.amazonaws.com\/index.php\/cart\/"},"modified":"2025-06-11T18:25:54","modified_gmt":"2025-06-11T18:25:54","slug":"korpa","status":"publish","type":"page","link":"https:\/\/instalajk.rs\/sr\/korpa\/","title":{"rendered":"Korpa"},"content":{"rendered":"<div data-block-name=\"woocommerce\/cart\" class=\"wp-block-woocommerce-cart alignwide is-loading\">\n<div data-block-name=\"woocommerce\/filled-cart-block\" class=\"wp-block-woocommerce-filled-cart-block\">\n<div data-block-name=\"woocommerce\/cart-items-block\" class=\"wp-block-woocommerce-cart-items-block\">\n<div data-block-name=\"woocommerce\/cart-line-items-block\" class=\"wp-block-woocommerce-cart-line-items-block\"><\/div>\n\n\n\n<div data-block-name=\"woocommerce\/cart-cross-sells-block\" class=\"wp-block-woocommerce-cart-cross-sells-block\">\n<h2 class=\"wp-block-heading has-large-font-size\">Mo\u017eda c\u0301e vas zanimati\u2026<\/h2>\n\n\n\n<div data-block-name=\"woocommerce\/cart-cross-sells-products-block\" class=\"wp-block-woocommerce-cart-cross-sells-products-block\"><\/div>\n<\/div>\n<\/div>\n\n\n\n<div data-block-name=\"woocommerce\/cart-totals-block\" class=\"wp-block-woocommerce-cart-totals-block\">\n<div data-block-name=\"woocommerce\/cart-order-summary-block\" class=\"wp-block-woocommerce-cart-order-summary-block\">\n<div data-block-name=\"woocommerce\/cart-order-summary-heading-block\" class=\"wp-block-woocommerce-cart-order-summary-heading-block\"><\/div><div data-block-name=\"woocommerce\/cart-order-summary-coupon-form-block\" class=\"wp-block-woocommerce-cart-order-summary-coupon-form-block\"><\/div><div data-block-name=\"woocommerce\/cart-order-summary-totals-block\" class=\"wp-block-woocommerce-cart-order-summary-totals-block\">\n<div data-block-name=\"woocommerce\/cart-order-summary-subtotal-block\" class=\"wp-block-woocommerce-cart-order-summary-subtotal-block\"><\/div>\n<div data-block-name=\"woocommerce\/cart-order-summary-discount-block\" class=\"wp-block-woocommerce-cart-order-summary-discount-block\"><\/div>\n<div data-block-name=\"woocommerce\/cart-order-summary-fee-block\" class=\"wp-block-woocommerce-cart-order-summary-fee-block\"><\/div>\n<div data-block-name=\"woocommerce\/cart-order-summary-shipping-block\" class=\"wp-block-woocommerce-cart-order-summary-shipping-block\"><\/div>\n<div data-block-name=\"woocommerce\/cart-order-summary-taxes-block\" class=\"wp-block-woocommerce-cart-order-summary-taxes-block\"><\/div><\/div>\n<\/div>\n\n\n\n<div data-block-name=\"woocommerce\/cart-express-payment-block\" class=\"wp-block-woocommerce-cart-express-payment-block\"><\/div>\n\n\n\n<div data-block-name=\"woocommerce\/proceed-to-checkout-block\" class=\"wp-block-woocommerce-proceed-to-checkout-block\"><\/div>\n\n\n\n<div data-block-name=\"woocommerce\/cart-accepted-payment-methods-block\" class=\"wp-block-woocommerce-cart-accepted-payment-methods-block\"><\/div>\n<\/div>\n<\/div>\n\n\n\n<div data-block-name=\"woocommerce\/empty-cart-block\" class=\"wp-block-woocommerce-empty-cart-block\">\n<h2 class=\"wp-block-heading has-text-align-center with-empty-cart-icon wc-block-cart__empty-cart__title\">TEST<\/h2>\n\n<!--\n\n<hr class=\"wp-block-separator has-alpha-channel-opacity is-style-dots\"\/>\n\n\n\n<h2 class=\"wp-block-heading has-text-align-center\">[translate]New in store[\/translate]<\/h2>\n\n\n<div data-block-name=\"woocommerce\/product-new\" data-columns=\"4\" data-rows=\"1\" class=\"wc-block-grid wp-block-product-new wp-block-woocommerce-product-new wc-block-product-new has-4-columns\"><ul class=\"wc-block-grid__products\"><li class=\"wc-block-grid__product\">\n\t\t\t\t<a href=\"https:\/\/instalajk.rs\/sr\/\u043f\u0440\u043e\u0438\u0437\u0432\u043e\u0434\/100-tiktok-pratilaca\/\" class=\"wc-block-grid__product-link\">\n\t\t\t\t\t<div class=\"wc-block-grid__product-onsale\">\n\t\t\t<span aria-hidden=\"true\">\u0421\u043d\u0438\u0436\u0435\u043d\u043e<\/span>\n\t\t\t<span class=\"screen-reader-text\">\u041f\u0440\u043e\u0438\u0437\u0432\u043e\u0434 \u043d\u0430 \u043f\u043e\u043f\u0443\u0441\u0442\u0443<\/span>\n\t\t<\/div>\n\t\t\t\t\t<div class=\"wc-block-grid__product-image\"><img loading=\"lazy\" decoding=\"async\" width=\"300\" height=\"254\" src=\"https:\/\/instalajk.rs\/wp-content\/uploads\/2025\/09\/Tiktok-follower-100-300x254.avif\" class=\"attachment-woocommerce_thumbnail size-woocommerce_thumbnail\" alt=\"Kupi TikTok pratioce za br\u017ei rast profila\" srcset=\"https:\/\/instalajk.rs\/wp-content\/uploads\/2025\/09\/Tiktok-follower-100-300x254.avif 300w, https:\/\/instalajk.rs\/wp-content\/uploads\/2025\/09\/Tiktok-follower-100-1024x868.avif 1024w, https:\/\/instalajk.rs\/wp-content\/uploads\/2025\/09\/Tiktok-follower-100-768x651.avif 768w, https:\/\/instalajk.rs\/wp-content\/uploads\/2025\/09\/Tiktok-follower-100-14x12.avif 14w, https:\/\/instalajk.rs\/wp-content\/uploads\/2025\/09\/Tiktok-follower-100-600x508.avif 600w, https:\/\/instalajk.rs\/wp-content\/uploads\/2025\/09\/Tiktok-follower-100.avif 1160w\" sizes=\"auto, (max-width: 300px) 100vw, 300px\" \/><\/div>\n\t\t\t\t\t<div class=\"wc-block-grid__product-title\">100 Tiktok Pratilaca<\/div>\n\t\t\t\t<\/a>\n\t\t\t\t<div class=\"wc-block-grid__product-price price\"><span class=\"woocommerce-Price-amount amount\"><del><span style=\"opacity: 0.7\">199,00 RSD<\/span><\/del> <strong>99,00 RSD<\/strong><\/span><\/div>\n\t\t\t\t\n\t\t\t\t<div class=\"wp-block-button wc-block-grid__product-add-to-cart\"><a href=\"\/sr\/wp-json\/wp\/v2\/pages\/29?add-to-cart=2926\" aria-label=\"\u0414\u043e\u0434\u0430\u0458 \u0443 \u043a\u043e\u0440\u043f\u0443: \u201e100 Tiktok Pratilaca\u201c\" data-quantity=\"1\" data-product_id=\"2926\" data-product_sku=\"\" data-price=\"0.85\" rel=\"nofollow\" class=\"wp-block-button__link  add_to_cart_button ajax_add_to_cart\">\u0414\u043e\u0434\u0430\u0458 \u0443 \u043a\u043e\u0440\u043f\u0443<\/a><\/div>\n\t\t\t<\/li><li class=\"wc-block-grid__product\">\n\t\t\t\t<a href=\"https:\/\/instalajk.rs\/sr\/\u043f\u0440\u043e\u0438\u0437\u0432\u043e\u0434\/5000-tiktok-pratilaca\/\" class=\"wc-block-grid__product-link\">\n\t\t\t\t\t<div class=\"wc-block-grid__product-onsale\">\n\t\t\t<span aria-hidden=\"true\">\u0421\u043d\u0438\u0436\u0435\u043d\u043e<\/span>\n\t\t\t<span class=\"screen-reader-text\">\u041f\u0440\u043e\u0438\u0437\u0432\u043e\u0434 \u043d\u0430 \u043f\u043e\u043f\u0443\u0441\u0442\u0443<\/span>\n\t\t<\/div>\n\t\t\t\t\t<div class=\"wc-block-grid__product-image\"><img loading=\"lazy\" decoding=\"async\" width=\"300\" height=\"254\" src=\"https:\/\/instalajk.rs\/wp-content\/uploads\/2025\/09\/Tiktok-follower-5000-300x254.avif\" class=\"attachment-woocommerce_thumbnail size-woocommerce_thumbnail\" alt=\"Kupi TikTok pratioce za br\u017ei rast profila\" srcset=\"https:\/\/instalajk.rs\/wp-content\/uploads\/2025\/09\/Tiktok-follower-5000-300x254.avif 300w, https:\/\/instalajk.rs\/wp-content\/uploads\/2025\/09\/Tiktok-follower-5000-1024x868.avif 1024w, https:\/\/instalajk.rs\/wp-content\/uploads\/2025\/09\/Tiktok-follower-5000-768x651.avif 768w, https:\/\/instalajk.rs\/wp-content\/uploads\/2025\/09\/Tiktok-follower-5000-14x12.avif 14w, https:\/\/instalajk.rs\/wp-content\/uploads\/2025\/09\/Tiktok-follower-5000-600x508.avif 600w, https:\/\/instalajk.rs\/wp-content\/uploads\/2025\/09\/Tiktok-follower-5000.avif 1160w\" sizes=\"auto, (max-width: 300px) 100vw, 300px\" \/><\/div>\n\t\t\t\t\t<div class=\"wc-block-grid__product-title\">5000 TikTok Pratilaca<\/div>\n\t\t\t\t<\/a>\n\t\t\t\t<div class=\"wc-block-grid__product-price price\"><span class=\"woocommerce-Price-amount amount\"><del><span style=\"opacity: 0.7\">9.000,00 RSD<\/span><\/del> <strong>4.999,00 RSD<\/strong><\/span><\/div>\n\t\t\t\t\n\t\t\t\t<div class=\"wp-block-button wc-block-grid__product-add-to-cart\"><a href=\"\/sr\/wp-json\/wp\/v2\/pages\/29?add-to-cart=2886\" aria-label=\"\u0414\u043e\u0434\u0430\u0458 \u0443 \u043a\u043e\u0440\u043f\u0443: \u201e5000 TikTok Pratilaca\u201c\" data-quantity=\"1\" data-product_id=\"2886\" data-product_sku=\"\" data-price=\"42.55\" rel=\"nofollow\" class=\"wp-block-button__link  add_to_cart_button ajax_add_to_cart\">\u0414\u043e\u0434\u0430\u0458 \u0443 \u043a\u043e\u0440\u043f\u0443<\/a><\/div>\n\t\t\t<\/li><li class=\"wc-block-grid__product\">\n\t\t\t\t<a href=\"https:\/\/instalajk.rs\/sr\/\u043f\u0440\u043e\u0438\u0437\u0432\u043e\u0434\/4000-tiktok-pratilaca\/\" class=\"wc-block-grid__product-link\">\n\t\t\t\t\t<div class=\"wc-block-grid__product-onsale\">\n\t\t\t<span aria-hidden=\"true\">\u0421\u043d\u0438\u0436\u0435\u043d\u043e<\/span>\n\t\t\t<span class=\"screen-reader-text\">\u041f\u0440\u043e\u0438\u0437\u0432\u043e\u0434 \u043d\u0430 \u043f\u043e\u043f\u0443\u0441\u0442\u0443<\/span>\n\t\t<\/div>\n\t\t\t\t\t<div class=\"wc-block-grid__product-image\"><img loading=\"lazy\" decoding=\"async\" width=\"300\" height=\"254\" src=\"https:\/\/instalajk.rs\/wp-content\/uploads\/2025\/09\/Tiktok-follower-4000-300x254.avif\" class=\"attachment-woocommerce_thumbnail size-woocommerce_thumbnail\" alt=\"Kupi TikTok pratioce za br\u017ei rast profila\" srcset=\"https:\/\/instalajk.rs\/wp-content\/uploads\/2025\/09\/Tiktok-follower-4000-300x254.avif 300w, https:\/\/instalajk.rs\/wp-content\/uploads\/2025\/09\/Tiktok-follower-4000-1024x868.avif 1024w, https:\/\/instalajk.rs\/wp-content\/uploads\/2025\/09\/Tiktok-follower-4000-768x651.avif 768w, https:\/\/instalajk.rs\/wp-content\/uploads\/2025\/09\/Tiktok-follower-4000-14x12.avif 14w, https:\/\/instalajk.rs\/wp-content\/uploads\/2025\/09\/Tiktok-follower-4000-600x508.avif 600w, https:\/\/instalajk.rs\/wp-content\/uploads\/2025\/09\/Tiktok-follower-4000.avif 1160w\" sizes=\"auto, (max-width: 300px) 100vw, 300px\" \/><\/div>\n\t\t\t\t\t<div class=\"wc-block-grid__product-title\">4000 TikTok Pratilaca<\/div>\n\t\t\t\t<\/a>\n\t\t\t\t<div class=\"wc-block-grid__product-price price\"><span class=\"woocommerce-Price-amount amount\"><del><span style=\"opacity: 0.7\">8.000,00 RSD<\/span><\/del> <strong>3.995,00 RSD<\/strong><\/span><\/div>\n\t\t\t\t\n\t\t\t\t<div class=\"wp-block-button wc-block-grid__product-add-to-cart\"><a href=\"\/sr\/wp-json\/wp\/v2\/pages\/29?add-to-cart=2885\" aria-label=\"\u0414\u043e\u0434\u0430\u0458 \u0443 \u043a\u043e\u0440\u043f\u0443: \u201e4000 TikTok Pratilaca\u201c\" data-quantity=\"1\" data-product_id=\"2885\" data-product_sku=\"\" data-price=\"34\" rel=\"nofollow\" class=\"wp-block-button__link  add_to_cart_button ajax_add_to_cart\">\u0414\u043e\u0434\u0430\u0458 \u0443 \u043a\u043e\u0440\u043f\u0443<\/a><\/div>\n\t\t\t<\/li><li class=\"wc-block-grid__product\">\n\t\t\t\t<a href=\"https:\/\/instalajk.rs\/sr\/\u043f\u0440\u043e\u0438\u0437\u0432\u043e\u0434\/2000-tiktok-pratilaca\/\" class=\"wc-block-grid__product-link\">\n\t\t\t\t\t<div class=\"wc-block-grid__product-onsale\">\n\t\t\t<span aria-hidden=\"true\">\u0421\u043d\u0438\u0436\u0435\u043d\u043e<\/span>\n\t\t\t<span class=\"screen-reader-text\">\u041f\u0440\u043e\u0438\u0437\u0432\u043e\u0434 \u043d\u0430 \u043f\u043e\u043f\u0443\u0441\u0442\u0443<\/span>\n\t\t<\/div>\n\t\t\t\t\t<div class=\"wc-block-grid__product-image\"><img loading=\"lazy\" decoding=\"async\" width=\"300\" height=\"254\" src=\"https:\/\/instalajk.rs\/wp-content\/uploads\/2025\/09\/Tiktok-follower-2000-300x254.avif\" class=\"attachment-woocommerce_thumbnail size-woocommerce_thumbnail\" alt=\"Kupi TikTok pratioce za br\u017ei rast profila\" srcset=\"https:\/\/instalajk.rs\/wp-content\/uploads\/2025\/09\/Tiktok-follower-2000-300x254.avif 300w, https:\/\/instalajk.rs\/wp-content\/uploads\/2025\/09\/Tiktok-follower-2000-1024x868.avif 1024w, https:\/\/instalajk.rs\/wp-content\/uploads\/2025\/09\/Tiktok-follower-2000-768x651.avif 768w, https:\/\/instalajk.rs\/wp-content\/uploads\/2025\/09\/Tiktok-follower-2000-14x12.avif 14w, https:\/\/instalajk.rs\/wp-content\/uploads\/2025\/09\/Tiktok-follower-2000-600x508.avif 600w, https:\/\/instalajk.rs\/wp-content\/uploads\/2025\/09\/Tiktok-follower-2000.avif 1160w\" sizes=\"auto, (max-width: 300px) 100vw, 300px\" \/><\/div>\n\t\t\t\t\t<div class=\"wc-block-grid__product-title\">2000 TikTok Pratilaca<\/div>\n\t\t\t\t<\/a>\n\t\t\t\t<div class=\"wc-block-grid__product-price price\"><span class=\"woocommerce-Price-amount amount\"><del><span style=\"opacity: 0.7\">3.995,00 RSD<\/span><\/del> <strong>1.990,00 RSD<\/strong><\/span><\/div>\n\t\t\t\t\n\t\t\t\t<div class=\"wp-block-button wc-block-grid__product-add-to-cart\"><a href=\"\/sr\/wp-json\/wp\/v2\/pages\/29?add-to-cart=2884\" aria-label=\"\u0414\u043e\u0434\u0430\u0458 \u0443 \u043a\u043e\u0440\u043f\u0443: \u201e2000 TikTok Pratilaca\u201c\" data-quantity=\"1\" data-product_id=\"2884\" data-product_sku=\"\" data-price=\"16.94\" rel=\"nofollow\" class=\"wp-block-button__link  add_to_cart_button ajax_add_to_cart\">\u0414\u043e\u0434\u0430\u0458 \u0443 \u043a\u043e\u0440\u043f\u0443<\/a><\/div>\n\t\t\t<\/li><\/ul><\/div><\/div>\n<\/div>\n\n-->","protected":false},"excerpt":{"rendered":"<p>Va\u0161i artikli su ovde, idemo na pla\u0107anje\u2764\ufe0f<\/p>","protected":false},"author":1,"featured_media":0,"parent":0,"menu_order":0,"comment_status":"closed","ping_status":"closed","template":"","meta":{"neve_meta_sidebar":"","neve_meta_container":"","neve_meta_enable_content_width":"","neve_meta_content_width":0,"neve_meta_title_alignment":"","neve_meta_author_avatar":"","neve_post_elements_order":"","neve_meta_disable_header":"","neve_meta_disable_footer":"","neve_meta_disable_title":"","_themeisle_gutenberg_block_has_review":false,"footnotes":""},"class_list":["post-29","page","type-page","status-publish","hentry"],"yoast_head":"<!-- This site is optimized with the Yoast SEO plugin v25.4 - https:\/\/yoast.com\/wordpress\/plugins\/seo\/ -->\n<title>Korpa - InstaLajk<\/title>\n<meta name=\"description\" content=\"Pregledajte stavke u korpi, primenite popuste i zavr\u0161ite kupovinu. Va\u0161a korpa je spremna za pla\u0107anje, samo nekoliko klikova do zavr\u0161etka!\" \/>\n<meta name=\"robots\" content=\"index, follow, max-snippet:-1, max-image-preview:large, max-video-preview:-1\" \/>\n<link rel=\"canonical\" href=\"https:\/\/instalajk.rs\/sr\/korpa\/\" \/>\n<meta property=\"og:locale\" content=\"sr_RS\" \/>\n<meta property=\"og:type\" content=\"article\" \/>\n<meta property=\"og:title\" content=\"Korpa - InstaLajk\" \/>\n<meta property=\"og:description\" content=\"Pregledajte stavke u korpi, primenite popuste i zavr\u0161ite kupovinu. Va\u0161a korpa je spremna za pla\u0107anje, samo nekoliko klikova do zavr\u0161etka!\" \/>\n<meta property=\"og:url\" content=\"https:\/\/instalajk.rs\/sr\/korpa\/\" \/>\n<meta property=\"og:site_name\" content=\"InstaLajk\" \/>\n<meta property=\"article:modified_time\" content=\"2025-06-11T18:25:54+00:00\" \/>\n<meta name=\"twitter:card\" content=\"summary_large_image\" \/>\n<meta name=\"twitter:label1\" content=\"\u041f\u0440\u043e\u0446\u0435\u045a\u0435\u043d\u043e \u0432\u0440\u0435\u043c\u0435 \u0447\u0438\u0442\u0430\u045a\u0430\" \/>\n\t<meta name=\"twitter:data1\" content=\"1 \u043c\u0438\u043d\u0443\u0442\" \/>\n<script type=\"application\/ld+json\" class=\"yoast-schema-graph\">{\"@context\":\"https:\/\/schema.org\",\"@graph\":[{\"@type\":\"WebPage\",\"@id\":\"https:\/\/instalajk.rs\/korpa\/\",\"url\":\"https:\/\/instalajk.rs\/korpa\/\",\"name\":\"Korpa - InstaLajk\",\"isPartOf\":{\"@id\":\"https:\/\/instalajk.rs\/#website\"},\"datePublished\":\"2024-07-21T12:18:15+00:00\",\"dateModified\":\"2025-06-11T18:25:54+00:00\",\"description\":\"Pregledajte stavke u korpi, primenite popuste i zavr\u0161ite kupovinu. Va\u0161a korpa je spremna za pla\u0107anje, samo nekoliko klikova do zavr\u0161etka!\",\"breadcrumb\":{\"@id\":\"https:\/\/instalajk.rs\/korpa\/#breadcrumb\"},\"inLanguage\":\"sr-RS\",\"potentialAction\":[{\"@type\":\"ReadAction\",\"target\":[\"https:\/\/instalajk.rs\/korpa\/\"]}]},{\"@type\":\"BreadcrumbList\",\"@id\":\"https:\/\/instalajk.rs\/korpa\/#breadcrumb\",\"itemListElement\":[{\"@type\":\"ListItem\",\"position\":1,\"name\":\"Home\",\"item\":\"https:\/\/instalajk.rs\/\"},{\"@type\":\"ListItem\",\"position\":2,\"name\":\"Korpa\"}]},{\"@type\":\"WebSite\",\"@id\":\"https:\/\/instalajk.rs\/#website\",\"url\":\"https:\/\/instalajk.rs\/\",\"name\":\"InstaLajk\",\"description\":\"Pobolj\u0161ajte svoj profil sa nama!\",\"publisher\":{\"@id\":\"https:\/\/instalajk.rs\/#\/schema\/person\/05194d1af4afa7cc3aae8f2ae707243e\"},\"potentialAction\":[{\"@type\":\"SearchAction\",\"target\":{\"@type\":\"EntryPoint\",\"urlTemplate\":\"https:\/\/instalajk.rs\/?s={search_term_string}\"},\"query-input\":{\"@type\":\"PropertyValueSpecification\",\"valueRequired\":true,\"valueName\":\"search_term_string\"}}],\"inLanguage\":\"sr-RS\"},{\"@type\":[\"Person\",\"Organization\"],\"@id\":\"https:\/\/instalajk.rs\/#\/schema\/person\/05194d1af4afa7cc3aae8f2ae707243e\",\"name\":\"helpingsocials\",\"image\":{\"@type\":\"ImageObject\",\"inLanguage\":\"sr-RS\",\"@id\":\"https:\/\/instalajk.rs\/#\/schema\/person\/image\/\",\"url\":\"https:\/\/instalajk.rs\/wp-content\/uploads\/2024\/08\/logo-red.png\",\"contentUrl\":\"https:\/\/instalajk.rs\/wp-content\/uploads\/2024\/08\/logo-red.png\",\"width\":453,\"height\":430,\"caption\":\"helpingsocials\"},\"logo\":{\"@id\":\"https:\/\/instalajk.rs\/#\/schema\/person\/image\/\"}}]}<\/script>\n<!-- \/ Yoast SEO plugin. -->","yoast_head_json":{"title":"Korpa - InstaLajk","description":"Pregledajte stavke u korpi, primenite popuste i zavr\u0161ite kupovinu. Va\u0161a korpa je spremna za pla\u0107anje, samo nekoliko klikova do zavr\u0161etka!","robots":{"index":"index","follow":"follow","max-snippet":"max-snippet:-1","max-image-preview":"max-image-preview:large","max-video-preview":"max-video-preview:-1"},"canonical":"https:\/\/instalajk.rs\/sr\/korpa\/","og_locale":"sr_RS","og_type":"article","og_title":"Korpa - InstaLajk","og_description":"Pregledajte stavke u korpi, primenite popuste i zavr\u0161ite kupovinu. Va\u0161a korpa je spremna za pla\u0107anje, samo nekoliko klikova do zavr\u0161etka!","og_url":"https:\/\/instalajk.rs\/sr\/korpa\/","og_site_name":"InstaLajk","article_modified_time":"2025-06-11T18:25:54+00:00","twitter_card":"summary_large_image","twitter_misc":{"\u041f\u0440\u043e\u0446\u0435\u045a\u0435\u043d\u043e \u0432\u0440\u0435\u043c\u0435 \u0447\u0438\u0442\u0430\u045a\u0430":"1 \u043c\u0438\u043d\u0443\u0442"},"schema":{"@context":"https:\/\/schema.org","@graph":[{"@type":"WebPage","@id":"https:\/\/instalajk.rs\/korpa\/","url":"https:\/\/instalajk.rs\/korpa\/","name":"Korpa - InstaLajk","isPartOf":{"@id":"https:\/\/instalajk.rs\/#website"},"datePublished":"2024-07-21T12:18:15+00:00","dateModified":"2025-06-11T18:25:54+00:00","description":"Pregledajte stavke u korpi, primenite popuste i zavr\u0161ite kupovinu. Va\u0161a korpa je spremna za pla\u0107anje, samo nekoliko klikova do zavr\u0161etka!","breadcrumb":{"@id":"https:\/\/instalajk.rs\/korpa\/#breadcrumb"},"inLanguage":"sr-RS","potentialAction":[{"@type":"ReadAction","target":["https:\/\/instalajk.rs\/korpa\/"]}]},{"@type":"BreadcrumbList","@id":"https:\/\/instalajk.rs\/korpa\/#breadcrumb","itemListElement":[{"@type":"ListItem","position":1,"name":"Home","item":"https:\/\/instalajk.rs\/"},{"@type":"ListItem","position":2,"name":"Korpa"}]},{"@type":"WebSite","@id":"https:\/\/instalajk.rs\/#website","url":"https:\/\/instalajk.rs\/","name":"InstaLajk","description":"Pobolj\u0161ajte svoj profil sa nama!","publisher":{"@id":"https:\/\/instalajk.rs\/#\/schema\/person\/05194d1af4afa7cc3aae8f2ae707243e"},"potentialAction":[{"@type":"SearchAction","target":{"@type":"EntryPoint","urlTemplate":"https:\/\/instalajk.rs\/?s={search_term_string}"},"query-input":{"@type":"PropertyValueSpecification","valueRequired":true,"valueName":"search_term_string"}}],"inLanguage":"sr-RS"},{"@type":["Person","Organization"],"@id":"https:\/\/instalajk.rs\/#\/schema\/person\/05194d1af4afa7cc3aae8f2ae707243e","name":"helpingsocials","image":{"@type":"ImageObject","inLanguage":"sr-RS","@id":"https:\/\/instalajk.rs\/#\/schema\/person\/image\/","url":"https:\/\/instalajk.rs\/wp-content\/uploads\/2024\/08\/logo-red.png","contentUrl":"https:\/\/instalajk.rs\/wp-content\/uploads\/2024\/08\/logo-red.png","width":453,"height":430,"caption":"helpingsocials"},"logo":{"@id":"https:\/\/instalajk.rs\/#\/schema\/person\/image\/"}}]}},"_links":{"self":[{"href":"https:\/\/instalajk.rs\/sr\/wp-json\/wp\/v2\/pages\/29","targetHints":{"allow":["GET"]}}],"collection":[{"href":"https:\/\/instalajk.rs\/sr\/wp-json\/wp\/v2\/pages"}],"about":[{"href":"https:\/\/instalajk.rs\/sr\/wp-json\/wp\/v2\/types\/page"}],"author":[{"embeddable":true,"href":"https:\/\/instalajk.rs\/sr\/wp-json\/wp\/v2\/users\/1"}],"replies":[{"embeddable":true,"href":"https:\/\/instalajk.rs\/sr\/wp-json\/wp\/v2\/comments?post=29"}],"version-history":[{"count":6,"href":"https:\/\/instalajk.rs\/sr\/wp-json\/wp\/v2\/pages\/29\/revisions"}],"predecessor-version":[{"id":2229,"href":"https:\/\/instalajk.rs\/sr\/wp-json\/wp\/v2\/pages\/29\/revisions\/2229"}],"wp:attachment":[{"href":"https:\/\/instalajk.rs\/sr\/wp-json\/wp\/v2\/media?parent=29"}],"curies":[{"name":"wp","href":"https:\/\/api.w.org\/{rel}","templated":true}]}}