{"id":332,"date":"2020-09-09T17:55:08","date_gmt":"2020-09-09T17:55:08","guid":{"rendered":"https:\/\/demosites.io\/shop-gb\/?page_id=265"},"modified":"2025-09-28T09:29:40","modified_gmt":"2025-09-28T09:29:40","slug":"52e3e-home","status":"publish","type":"page","link":"https:\/\/instalajk.rs\/sr\/","title":{"rendered":"Kupi Instagram Pratioce \u2013 Brza Dostava, Pravi Pratioci"},"content":{"rendered":"<meta name=\"image\" content=\"http:\/\/instalajk.rs\/wp-content\/uploads\/2025\/03\/transparent-icon.png\">\n\n<!-- Open Graph \/ Facebook -->\n<meta property=\"og:type\" content=\"website\">\n<meta property=\"og:url\" content=\"https:\/\/instalajk.rs\/\">\n<meta property=\"og:title\" content=\"InstaLajk \u2013 Pove\u0107ajte Profil Uz Lajkove i Pratioce\">\n<meta property=\"og:description\" content=\"Pove\u0107ajte vidljivost i popularnost svog Instagram profila uz prave lajkove i pratioce \u2013 zapo\u010dnite ve\u0107 danas uz InstaLajk!\">\n<meta property=\"og:image\" content=\"http:\/\/instalajk.rs\/wp-content\/uploads\/2025\/03\/transparent-icon.png\">\n<script type=\"application\/ld+json\">\n{\n  \"@context\": \"https:\/\/schema.org\",\n  \"@type\": \"Organization\",\n  \"url\": \"https:\/\/instalajk.rs\",\n  \"logo\": \"http:\/\/instalajk.rs\/wp-content\/uploads\/2025\/03\/transparent-icon.png\"\n}\n<\/script>\n\n\n\n<div id=\"wp-block-themeisle-blocks-advanced-columns-2e16e929\" class=\"wp-block-themeisle-blocks-advanced-columns alignfull has-1-columns has-desktop-equal-layout has-tablet-equal-layout has-mobile-equal-layout has-vertical-center\">\n    <div class=\"wp-block-themeisle-blocks-advanced-columns-overlay\"><\/div>\n    <div class=\"innerblocks-wrap\">\n        \n        <div id=\"wp-block-themeisle-blocks-advanced-column-630e65ce\" class=\"wp-block-themeisle-blocks-advanced-column\">\n            \n           <h1 class=\"wp-block-heading has-text-align-center has-nv-text-dark-bg-color has-text-color\" >\n<div class=\"slide-fade-text\">\n          Pove\u0107aj Instagram pratioci uz <strong>instant isporuku<\/strong> i <strong>prave naloge<\/strong> po <strong>najboljoj ceni<\/strong> <\/div>\n\n   \n<\/h1>\n<!-- English Version Boost your Instagram profile with likes and followers.-->\n\n\n\n\n        \n    <div class=\"slide-fade-text-y\">\n\n<p class=\"has-text-align-center has-nv-text-dark-bg-color has-text-color\">\nNa <strong>InstaLajk.rs<\/strong> vas \u010dekaju <strong>najbr\u017ea<\/strong> i <strong>najpovoljnija<\/strong> re\u0161enja za rast profila. \n            Kupovina lajkova i pratilaca nikad nije bila jednostavnija \u2013 <strong>bezbedno, brzo i diskretno<\/strong>. \n  <\/p>\n\n<\/div>\n<style>\n\/* Targeting the container of the buttons *\/\n.wp-block-buttons {\n    display: flex; \/* Ensure the container uses flexbox layout *\/\n    justify-content: center; \/* Center the buttons horizontally *\/\n    gap: 30px; \/* Add space between buttons *\/\n}\n<\/style>\n\n\n<div class=\"wp-block-buttons is-horizontal is-content-justification-center is-layout-flex wp-container-core-buttons-is-layout-499968f5 wp-block-buttons-is-layout-flex\">\n<div class=\"wp-block-button is-style-primary\"><a class=\"wp-block-button__link wp-element-button\" href=\"\/sr\/kategorija-proizvoda\/instagram-lajkovi\/\"\">TEST<\/a><\/div>\n\n\n\n<div class=\"wp-block-button is-style-primary\"><a class=\"wp-block-button__link wp-element-button\" href=\"\/sr\/kategorija-proizvoda\/instagram-pratioci\/\">TEST<\/a><\/div>\n<\/div>\n\n\n\n\n<div style=\"height:40px\" aria-hidden=\"true\" class=\"wp-block-spacer\"><\/div>\n<\/div>\n<\/div><\/div>\n\n\n\n<!-- START BLOCK -->\n\n<div id=\"wp-block-themeisle-blocks-advanced-columns-57bfef66\" class=\"wp-block-themeisle-blocks-advanced-columns alignfull has-1-columns has-desktop-equal-layout has-tablet-equal-layout has-mobile-equal-layout has-vertical-unset\"><div class=\"wp-block-themeisle-blocks-advanced-columns-overlay\"><\/div><div class=\"innerblocks-wrap\">\n<div id=\"wp-block-themeisle-blocks-advanced-column-88849554\" class=\"wp-block-themeisle-blocks-advanced-column\">\n<h2 class=\"wp-block-heading has-text-align-center fade-in-text\">TEST<\/h2>\n\n\n\n<p class=\"has-text-align-center fade-in-text\"><em>TEST<\/em><\/p>\n\n\n\n<div id=\"wp-block-themeisle-blocks-advanced-columns-f4d5db45\" class=\"wp-block-themeisle-blocks-advanced-columns has-3-columns has-desktop-equal-layout has-tablet-equal-layout has-mobile-collapsedRows-layout has-vertical-unset\"><div class=\"wp-block-themeisle-blocks-advanced-columns-overlay\"><\/div><div class=\"innerblocks-wrap\">\n<div id=\"wp-block-themeisle-blocks-advanced-column-abaf1f32\" class=\"wp-block-themeisle-blocks-advanced-column fade-in-text\">\n<div class=\"wp-block-themeisle-blocks-service\">\n<div id=\"wp-block-themeisle-blocks-font-awesome-icons-83293f68\" class=\"wp-block-themeisle-blocks-font-awesome-icons\"> <img decoding=\"async\" src=\"\/wp-content\/uploads\/2024\/08\/icon-Safety-black.png\" alt=\"Ikonica bezbednosti\"\nclass=\"responsive-icon\">\n\n\n<style>\n  img.responsive-icon {\n    margin-left: 22%; \/* Base margin for small screens *\/\n\n  }\n  @media (min-width: 768px) {\n    img.responsive-icon {\n      margin-left: 19%; \/* Larger margin for medium screens *\/\n    }\n  }\n  @media (min-width: 1024px) {\n    img.responsive-icon {\n      margin-left: 19%; \/* Even larger margin for large screens *\/\n    }\n  }\n<\/style>\n\n\n<span class=\"wp-block-themeisle-blocks-font-awesome-icons-container\"><\/i><\/span><\/div> \n\n<!-- \/wp-content\/uploads\/2024\/08\/logo.png -->\n\n\n<h3 class=\"wp-block-heading has-text-align-center\">TEST<\/h3>\n\n\n\n<p class=\"has-text-align-center has-neve-text-color-color has-text-color\">TEST<\/p>\n<\/div>\n<\/div>\n\n\n\n<div id=\"wp-block-themeisle-blocks-advanced-column-2670760a\" class=\"wp-block-themeisle-blocks-advanced-column fade-in-text\">\n<div class=\"wp-block-themeisle-blocks-service\">\n<div id=\"wp-block-themeisle-blocks-font-awesome-icons-48f0c34c\" class=\"wp-block-themeisle-blocks-font-awesome-icons\">\n<img decoding=\"async\" src=\"\/wp-content\/uploads\/2024\/08\/icon-speed-black.png\"  alt=\"Ikonica brzine\" \nclass=\"responsive-icon\">\n <style>\n  img.responsive-icon {\n    margin-left: 25%; \/* Base margin for small screens *\/\n  }\n  @media (min-width: 768px) {\n    img.responsive-icon {\n      margin-left: 17%; \/* Larger margin for medium screens *\/\n    }\n  }\n  @media (min-width: 1024px) {\n    img.responsive-icon {\n      margin-left: 17%; \/* Even larger margin for large screens *\/\n    }\n  }\n<\/style>\n<span class=\"wp-block-themeisle-blocks-font-awesome-icons-container\"><\/i><\/span><\/div>\n\n\n\n<h3 class=\"wp-block-heading has-text-align-center\">TEST<\/h3>\n\n\n\n<p class=\"has-text-align-center has-neve-text-color-color has-text-color\">Isporuka lajkova i pratilaca u najkra\u0107em mogu\u0107em roku.<\/p>\n<\/div>\n<\/div>\n\n\n\n<div id=\"wp-block-themeisle-blocks-advanced-column-4f9991e5\" class=\"wp-block-themeisle-blocks-advanced-column fade-in-text\">\n<div class=\"wp-block-themeisle-blocks-service\">\n<div id=\"wp-block-themeisle-blocks-font-awesome-icons-8351db79\" class=\"wp-block-themeisle-blocks-font-awesome-icons\"><img decoding=\"async\" src=\"\/wp-content\/uploads\/2024\/08\/icon-Price-black.png\"  alt=\"Ikonica rasprodaje\" \nclass=\"responsive-icon-small\">\n <style>\n  img.responsive-icon-small {\n    margin-left: 30%; \/* Base margin for small screens *\/\n  }\n  @media (min-width: 768px) {\n    img.responsive-icon-small {\n      margin-left: 30%; \/* Larger margin for medium screens *\/\n    }\n  }\n  @media (min-width: 1024px) {\n    img.responsive-icon-small {\n      margin-left: 20%; \/* Even larger margin for large screens *\/\n    }\n  }\n<\/style><span class=\"wp-block-themeisle-blocks-font-awesome-icons-container\"><\/i><\/span><\/div>\n\n\n\n<h3 class=\"wp-block-heading has-text-align-center\">Odli\u010dne cene<\/h3>\n\n\n\n<p class=\"has-text-align-center\">TEST<\/p>\n<\/div>\n<\/div>\n<\/div><\/div>\n<\/div>\n<\/div><\/div>\n<!-- END BLOCK -->\n\n\n\n\n<section style=\"width: 100vw; margin-left: calc(50% - 50vw); padding: 60px 20px; text-align: center; background-color: #fde2c2; display: flex; flex-direction: column; align-items: center;\">\n  <style>\n    .fade-in-text, .fade-in-icon {\n      opacity: 0;\n      transform: translateY(20px);\n      transition: opacity 0.8s ease-out, transform 0.8s ease-out;\n    }\n    .fade-in-text.visible, .fade-in-icon.visible {\n      opacity: 1;\n      transform: translateY(0);\n    }\n    .fade-in-icon {\n      display: inline-block;\n      transform: translateY(20px) scale(0.8);\n      transition: opacity 0.8s ease-out, transform 0.8s ease-out;\n    }\n    .fade-in-icon.visible {\n      transform: translateY(0) scale(1);\n    }\n    .icon-inline {\n      width: 29px;\n      height: 29px;\n      vertical-align: middle;\n      margin-left: 6px;\n    }\n  <\/style>\n\n  <script>\n    document.addEventListener(\"DOMContentLoaded\", function () {\n      const elements = document.querySelectorAll(\".fade-in-text, .fade-in-icon\");\n      const options = { threshold: 0.1 };\n\n      const observer = new IntersectionObserver((entries, obs) => {\n        entries.forEach((entry, index) => {\n          if (entry.isIntersecting) {\n            setTimeout(() => {\n              entry.target.classList.add(\"visible\");\n            }, index * 200);\n            obs.unobserve(entry.target);\n          }\n        });\n      }, options);\n\n      elements.forEach(el => observer.observe(el));\n    });\n  <\/script>\n\n  <div style=\"max-width: 800px;\">\n    <h2 class=\"fade-in-text\">Pove\u0107ajte Broj Pratilaca i Lajkova na Instagramu Sada!<\/h2>\n\n    <p class=\"fade-in-text\" style=\"font-size: 18px;\">\n      Ne \u010dekajte da vas neko primeti \u2013 preuzmite kontrolu nad svojim Instagram profilom odmah!\n      Vi\u0161e <strong>pratilaca<\/strong>\n      <span class=\"fade-in-icon\">\n        <img decoding=\"async\" src=\"http:\/\/instalajk.rs\/wp-content\/uploads\/2024\/08\/Instalikes-followers-1.png\" alt=\"Followers icon\" class=\"icon-inline\" \/>\n      <\/span>\n      i <strong>lajkova<\/strong>\n      <span class=\"fade-in-icon\">\n        <img decoding=\"async\" src=\"http:\/\/instalajk.rs\/wp-content\/uploads\/2024\/08\/Instagram-like-no-number.png\" alt=\"Likes icon\" class=\"icon-inline\" \/>\n      <\/span>\n      zna\u010di ve\u0107u vidljivost, ja\u010di uticaj i ve\u0107e \u0161anse da se izdvojite u masi.\n    <\/p>\n\n    <p class=\"fade-in-text\" style=\"font-size: 18px;\">\n      Kupovinom pravih Instagram pratilaca i lajkova putem <strong>InstaLajk.rs<\/strong>, va\u0161 sadr\u017eaj mo\u017ee da dospe do \u0161ire publike za samo nekoliko minuta.\n      Bilo da gradite li\u010dni brend ili razvijate biznis, ovo je najbr\u017ei na\u010din da ostavite sna\u017ean utisak.\n    <\/p>\n\n    <p class=\"fade-in-text\" style=\"font-size: 18px;\">\n      <strong>Ubrzajte svoj rast<\/strong> \u2013 po\u010dnite danas i gledajte kako va\u0161 profil dobija zaslu\u017eenu pa\u017enju!\n    <\/p>\n  <\/div>\n<\/section>\n\n<div class=\"wp-block-themeisle-blocks-advanced-columns alignfull has-1-columns has-desktop-equal-layout has-tablet-equal-layout has-mobile-equal-layout has-vertical-unset\" style=\"background-color: #FDE2C2; padding: 20px; text-align: center; box-sizing: border-box;\">\n    <!-- Centered content inside the full-width container -->\n    <div style=\"max-width: 1200px; margin: 0 auto;\">\n        \n        <p class=\"has-text-align-center\"><em>TEST<\/em><\/p>\n        \n\n        \n      <div class=\"wp-block-button is-style-primary is-horizontal is-content-justification-center is-layout-flex wp-container-core-buttons-is-layout-499968f5 wp-block-buttons-is-layout-flex\">\n    <a class=\"wp-block-button__link wp-element-button\" href=\"\/sr\/instagram_like_seller_wordpress\/faq\/\">TEST<\/a>\n<\/div>\n\n\n\n        <\/div>\n        \n    <\/div>\n<\/div>\n\n<style>\n    .wp-block-button {\n        margin-bottom: 150px; \/* Adds space below the button *\/\n    }\n\n<\/style>","protected":false},"excerpt":{"rendered":"","protected":false},"author":1,"featured_media":0,"parent":0,"menu_order":0,"comment_status":"closed","ping_status":"closed","template":"","meta":{"neve_meta_sidebar":"full-width","neve_meta_container":"default","neve_meta_enable_content_width":"on","neve_meta_content_width":100,"neve_meta_title_alignment":"","neve_meta_author_avatar":"","neve_post_elements_order":"","neve_meta_disable_header":"","neve_meta_disable_footer":"","neve_meta_disable_title":"on","_themeisle_gutenberg_block_has_review":false,"footnotes":""},"class_list":["post-332","page","type-page","status-publish","hentry"],"yoast_head":"<!-- This site is optimized with the Yoast SEO plugin v25.4 - https:\/\/yoast.com\/wordpress\/plugins\/seo\/ -->\n<title>Kupi Instagram Pratioce \u2013 Brza isporuka i najbolja cena - InstaLajk<\/title>\n<meta name=\"description\" content=\"Kupi Instagram pratioce brzo i sigurno. Pravi pratioci, brza isporuka i najni\u017ee cene u Srbiji. Pove\u0107aj svoj profil danas uz InstaLajk.rs!\" \/>\n<meta name=\"robots\" content=\"index, follow, max-snippet:-1, max-image-preview:large, max-video-preview:-1\" \/>\n<link rel=\"canonical\" href=\"https:\/\/instalajk.rs\/sr\/\" \/>\n<meta property=\"og:locale\" content=\"sr_RS\" \/>\n<meta property=\"og:type\" content=\"article\" \/>\n<meta property=\"og:title\" content=\"Kupi Instagram Pratioce \u2013 Brza isporuka i najbolja cena - InstaLajk\" \/>\n<meta property=\"og:description\" content=\"Kupi Instagram pratioce brzo i sigurno. Pravi pratioci, brza isporuka i najni\u017ee cene u Srbiji. Pove\u0107aj svoj profil danas uz InstaLajk.rs!\" \/>\n<meta property=\"og:url\" content=\"https:\/\/instalajk.rs\/sr\/\" \/>\n<meta property=\"og:site_name\" content=\"InstaLajk\" \/>\n<meta property=\"article:modified_time\" content=\"2025-09-28T09:29:40+00:00\" \/>\n<meta property=\"og:image\" content=\"http:\/\/instalajk.rs\/wp-content\/uploads\/2024\/08\/Instalikes-followers-1.png\" \/>\n<meta name=\"twitter:card\" content=\"summary_large_image\" \/>\n<meta name=\"twitter:label1\" content=\"\u041f\u0440\u043e\u0446\u0435\u045a\u0435\u043d\u043e \u0432\u0440\u0435\u043c\u0435 \u0447\u0438\u0442\u0430\u045a\u0430\" \/>\n\t<meta name=\"twitter:data1\" content=\"3 \u043c\u0438\u043d\u0443\u0442\u0430\" \/>\n<script type=\"application\/ld+json\" class=\"yoast-schema-graph\">{\"@context\":\"https:\/\/schema.org\",\"@graph\":[{\"@type\":\"WebPage\",\"@id\":\"https:\/\/instalajk.rs\/\",\"url\":\"https:\/\/instalajk.rs\/\",\"name\":\"Kupi Instagram Pratioce \u2013 Brza isporuka i najbolja cena - InstaLajk\",\"isPartOf\":{\"@id\":\"https:\/\/instalajk.rs\/#website\"},\"primaryImageOfPage\":{\"@id\":\"https:\/\/instalajk.rs\/#primaryimage\"},\"image\":{\"@id\":\"https:\/\/instalajk.rs\/#primaryimage\"},\"thumbnailUrl\":\"http:\/\/instalajk.rs\/wp-content\/uploads\/2024\/08\/Instalikes-followers-1.png\",\"datePublished\":\"2020-09-09T17:55:08+00:00\",\"dateModified\":\"2025-09-28T09:29:40+00:00\",\"description\":\"Kupi Instagram pratioce brzo i sigurno. Pravi pratioci, brza isporuka i najni\u017ee cene u Srbiji. Pove\u0107aj svoj profil danas uz InstaLajk.rs!\",\"breadcrumb\":{\"@id\":\"https:\/\/instalajk.rs\/#breadcrumb\"},\"inLanguage\":\"sr-RS\",\"potentialAction\":[{\"@type\":\"ReadAction\",\"target\":[\"https:\/\/instalajk.rs\/\"]}]},{\"@type\":\"ImageObject\",\"inLanguage\":\"sr-RS\",\"@id\":\"https:\/\/instalajk.rs\/#primaryimage\",\"url\":\"http:\/\/instalajk.rs\/wp-content\/uploads\/2024\/08\/Instalikes-followers-1.png\",\"contentUrl\":\"http:\/\/instalajk.rs\/wp-content\/uploads\/2024\/08\/Instalikes-followers-1.png\"},{\"@type\":\"BreadcrumbList\",\"@id\":\"https:\/\/instalajk.rs\/#breadcrumb\",\"itemListElement\":[{\"@type\":\"ListItem\",\"position\":1,\"name\":\"Home\",\"item\":\"https:\/\/instalajk.rs\/\"},{\"@type\":\"ListItem\",\"position\":2,\"name\":\"Kupi Instagram Pratioce \u2013 Brza Dostava, Pravi Pratioci\"}]},{\"@type\":\"WebSite\",\"@id\":\"https:\/\/instalajk.rs\/#website\",\"url\":\"https:\/\/instalajk.rs\/\",\"name\":\"InstaLajk\",\"description\":\"Pobolj\u0161ajte svoj profil sa nama!\",\"publisher\":{\"@id\":\"https:\/\/instalajk.rs\/#\/schema\/person\/05194d1af4afa7cc3aae8f2ae707243e\"},\"potentialAction\":[{\"@type\":\"SearchAction\",\"target\":{\"@type\":\"EntryPoint\",\"urlTemplate\":\"https:\/\/instalajk.rs\/?s={search_term_string}\"},\"query-input\":{\"@type\":\"PropertyValueSpecification\",\"valueRequired\":true,\"valueName\":\"search_term_string\"}}],\"inLanguage\":\"sr-RS\"},{\"@type\":[\"Person\",\"Organization\"],\"@id\":\"https:\/\/instalajk.rs\/#\/schema\/person\/05194d1af4afa7cc3aae8f2ae707243e\",\"name\":\"helpingsocials\",\"image\":{\"@type\":\"ImageObject\",\"inLanguage\":\"sr-RS\",\"@id\":\"https:\/\/instalajk.rs\/#\/schema\/person\/image\/\",\"url\":\"https:\/\/instalajk.rs\/wp-content\/uploads\/2024\/08\/logo-red.png\",\"contentUrl\":\"https:\/\/instalajk.rs\/wp-content\/uploads\/2024\/08\/logo-red.png\",\"width\":453,\"height\":430,\"caption\":\"helpingsocials\"},\"logo\":{\"@id\":\"https:\/\/instalajk.rs\/#\/schema\/person\/image\/\"}}]}<\/script>\n<!-- \/ Yoast SEO plugin. -->","yoast_head_json":{"title":"Kupi Instagram Pratioce \u2013 Brza isporuka i najbolja cena - InstaLajk","description":"Kupi Instagram pratioce brzo i sigurno. Pravi pratioci, brza isporuka i najni\u017ee cene u Srbiji. Pove\u0107aj svoj profil danas uz InstaLajk.rs!","robots":{"index":"index","follow":"follow","max-snippet":"max-snippet:-1","max-image-preview":"max-image-preview:large","max-video-preview":"max-video-preview:-1"},"canonical":"https:\/\/instalajk.rs\/sr\/","og_locale":"sr_RS","og_type":"article","og_title":"Kupi Instagram Pratioce \u2013 Brza isporuka i najbolja cena - InstaLajk","og_description":"Kupi Instagram pratioce brzo i sigurno. Pravi pratioci, brza isporuka i najni\u017ee cene u Srbiji. Pove\u0107aj svoj profil danas uz InstaLajk.rs!","og_url":"https:\/\/instalajk.rs\/sr\/","og_site_name":"InstaLajk","article_modified_time":"2025-09-28T09:29:40+00:00","og_image":[{"url":"http:\/\/instalajk.rs\/wp-content\/uploads\/2024\/08\/Instalikes-followers-1.png","type":"","width":"","height":""}],"twitter_card":"summary_large_image","twitter_misc":{"\u041f\u0440\u043e\u0446\u0435\u045a\u0435\u043d\u043e \u0432\u0440\u0435\u043c\u0435 \u0447\u0438\u0442\u0430\u045a\u0430":"3 \u043c\u0438\u043d\u0443\u0442\u0430"},"schema":{"@context":"https:\/\/schema.org","@graph":[{"@type":"WebPage","@id":"https:\/\/instalajk.rs\/","url":"https:\/\/instalajk.rs\/","name":"Kupi Instagram Pratioce \u2013 Brza isporuka i najbolja cena - InstaLajk","isPartOf":{"@id":"https:\/\/instalajk.rs\/#website"},"primaryImageOfPage":{"@id":"https:\/\/instalajk.rs\/#primaryimage"},"image":{"@id":"https:\/\/instalajk.rs\/#primaryimage"},"thumbnailUrl":"http:\/\/instalajk.rs\/wp-content\/uploads\/2024\/08\/Instalikes-followers-1.png","datePublished":"2020-09-09T17:55:08+00:00","dateModified":"2025-09-28T09:29:40+00:00","description":"Kupi Instagram pratioce brzo i sigurno. Pravi pratioci, brza isporuka i najni\u017ee cene u Srbiji. Pove\u0107aj svoj profil danas uz InstaLajk.rs!","breadcrumb":{"@id":"https:\/\/instalajk.rs\/#breadcrumb"},"inLanguage":"sr-RS","potentialAction":[{"@type":"ReadAction","target":["https:\/\/instalajk.rs\/"]}]},{"@type":"ImageObject","inLanguage":"sr-RS","@id":"https:\/\/instalajk.rs\/#primaryimage","url":"http:\/\/instalajk.rs\/wp-content\/uploads\/2024\/08\/Instalikes-followers-1.png","contentUrl":"http:\/\/instalajk.rs\/wp-content\/uploads\/2024\/08\/Instalikes-followers-1.png"},{"@type":"BreadcrumbList","@id":"https:\/\/instalajk.rs\/#breadcrumb","itemListElement":[{"@type":"ListItem","position":1,"name":"Home","item":"https:\/\/instalajk.rs\/"},{"@type":"ListItem","position":2,"name":"Kupi Instagram Pratioce \u2013 Brza Dostava, Pravi Pratioci"}]},{"@type":"WebSite","@id":"https:\/\/instalajk.rs\/#website","url":"https:\/\/instalajk.rs\/","name":"InstaLajk","description":"Pobolj\u0161ajte svoj profil sa nama!","publisher":{"@id":"https:\/\/instalajk.rs\/#\/schema\/person\/05194d1af4afa7cc3aae8f2ae707243e"},"potentialAction":[{"@type":"SearchAction","target":{"@type":"EntryPoint","urlTemplate":"https:\/\/instalajk.rs\/?s={search_term_string}"},"query-input":{"@type":"PropertyValueSpecification","valueRequired":true,"valueName":"search_term_string"}}],"inLanguage":"sr-RS"},{"@type":["Person","Organization"],"@id":"https:\/\/instalajk.rs\/#\/schema\/person\/05194d1af4afa7cc3aae8f2ae707243e","name":"helpingsocials","image":{"@type":"ImageObject","inLanguage":"sr-RS","@id":"https:\/\/instalajk.rs\/#\/schema\/person\/image\/","url":"https:\/\/instalajk.rs\/wp-content\/uploads\/2024\/08\/logo-red.png","contentUrl":"https:\/\/instalajk.rs\/wp-content\/uploads\/2024\/08\/logo-red.png","width":453,"height":430,"caption":"helpingsocials"},"logo":{"@id":"https:\/\/instalajk.rs\/#\/schema\/person\/image\/"}}]}},"_links":{"self":[{"href":"https:\/\/instalajk.rs\/sr\/wp-json\/wp\/v2\/pages\/332","targetHints":{"allow":["GET"]}}],"collection":[{"href":"https:\/\/instalajk.rs\/sr\/wp-json\/wp\/v2\/pages"}],"about":[{"href":"https:\/\/instalajk.rs\/sr\/wp-json\/wp\/v2\/types\/page"}],"author":[{"embeddable":true,"href":"https:\/\/instalajk.rs\/sr\/wp-json\/wp\/v2\/users\/1"}],"replies":[{"embeddable":true,"href":"https:\/\/instalajk.rs\/sr\/wp-json\/wp\/v2\/comments?post=332"}],"version-history":[{"count":413,"href":"https:\/\/instalajk.rs\/sr\/wp-json\/wp\/v2\/pages\/332\/revisions"}],"predecessor-version":[{"id":2989,"href":"https:\/\/instalajk.rs\/sr\/wp-json\/wp\/v2\/pages\/332\/revisions\/2989"}],"wp:attachment":[{"href":"https:\/\/instalajk.rs\/sr\/wp-json\/wp\/v2\/media?parent=332"}],"curies":[{"name":"wp","href":"https:\/\/api.w.org\/{rel}","templated":true}]}}