{"id":469,"date":"2024-08-11T10:39:34","date_gmt":"2024-08-11T10:39:34","guid":{"rendered":"http:\/\/ec2-13-60-33-105.eu-north-1.compute.amazonaws.com\/?post_type=product&#038;p=469"},"modified":"2025-07-09T18:18:47","modified_gmt":"2025-07-09T18:18:47","slug":"1500-instagram-lajkova","status":"publish","type":"product","link":"https:\/\/instalajk.rs\/sr\/\u043f\u0440\u043e\u0438\u0437\u0432\u043e\u0434\/1500-instagram-lajkova\/","title":{"rendered":"1500 Instagram Lajkova"},"content":{"rendered":"","protected":false},"excerpt":{"rendered":"","protected":false},"featured_media":470,"template":"","meta":{"neve_meta_sidebar":"","neve_meta_container":"","neve_meta_enable_content_width":"off","neve_meta_content_width":100,"neve_meta_title_alignment":"","neve_meta_author_avatar":"","neve_post_elements_order":"","neve_meta_disable_header":"","neve_meta_disable_footer":"","neve_meta_disable_title":"","_themeisle_gutenberg_block_has_review":false},"product_brand":[],"product_cat":[28],"product_tag":[],"class_list":{"0":"post-469","1":"product","2":"type-product","3":"status-publish","4":"has-post-thumbnail","6":"product_cat-instagram-lajkovi","8":"first","9":"instock","10":"sale","11":"sold-individually","12":"taxable","13":"shipping-taxable","14":"purchasable","15":"product-type-simple"},"yoast_head":"<!-- This site is optimized with the Yoast SEO plugin v25.4 - https:\/\/yoast.com\/wordpress\/plugins\/seo\/ -->\n<title>1500 Instagram Lajkova - InstaLajk<\/title>\n<meta name=\"description\" content=\"Kopirajte link iz aplikacije, zalepite ga ispod i voila! \u2013 Po\u010de\u0107emo da isporu\u010dujemo va\u0161e lajkove 24\/7 \u2764\ufe0f\" \/>\n<meta name=\"robots\" content=\"index, follow, max-snippet:-1, max-image-preview:large, max-video-preview:-1\" \/>\n<link rel=\"canonical\" href=\"https:\/\/instalajk.rs\/sr\/\u043f\u0440\u043e\u0438\u0437\u0432\u043e\u0434\/1500-instagram-lajkova\/\" \/>\n<meta property=\"og:locale\" content=\"sr_RS\" \/>\n<meta property=\"og:type\" content=\"article\" \/>\n<meta property=\"og:title\" content=\"1500 Instagram Lajkova - InstaLajk\" \/>\n<meta property=\"og:description\" content=\"Kopirajte link iz aplikacije, zalepite ga ispod i voila! \u2013 Po\u010de\u0107emo da isporu\u010dujemo va\u0161e lajkove 24\/7 \u2764\ufe0f\" \/>\n<meta property=\"og:url\" content=\"https:\/\/instalajk.rs\/sr\/\u043f\u0440\u043e\u0438\u0437\u0432\u043e\u0434\/1500-instagram-lajkova\/\" \/>\n<meta property=\"og:site_name\" content=\"InstaLajk\" \/>\n<meta property=\"article:modified_time\" content=\"2025-07-09T18:18:47+00:00\" \/>\n<meta property=\"og:image\" content=\"http:\/\/instalajk.rs\/wp-content\/uploads\/2024\/08\/Instalikes-1500.png\" \/>\n\t<meta property=\"og:image:width\" content=\"1104\" \/>\n\t<meta property=\"og:image:height\" content=\"922\" \/>\n\t<meta property=\"og:image:type\" content=\"image\/png\" \/>\n<meta name=\"twitter:card\" content=\"summary_large_image\" \/>\n<meta name=\"twitter:label1\" content=\"\u041f\u0440\u043e\u0446\u0435\u045a\u0435\u043d\u043e \u0432\u0440\u0435\u043c\u0435 \u0447\u0438\u0442\u0430\u045a\u0430\" \/>\n\t<meta name=\"twitter:data1\" content=\"1 \u043c\u0438\u043d\u0443\u0442\" \/>\n<script type=\"application\/ld+json\" class=\"yoast-schema-graph\">{\"@context\":\"https:\/\/schema.org\",\"@graph\":[{\"@type\":\"WebPage\",\"@id\":\"https:\/\/instalajk.rs\/product\/1500-instagram-lajkova\/\",\"url\":\"https:\/\/instalajk.rs\/product\/1500-instagram-lajkova\/\",\"name\":\"1500 Instagram Lajkova - InstaLajk\",\"isPartOf\":{\"@id\":\"https:\/\/instalajk.rs\/#website\"},\"primaryImageOfPage\":{\"@id\":\"https:\/\/instalajk.rs\/product\/1500-instagram-lajkova\/#primaryimage\"},\"image\":{\"@id\":\"https:\/\/instalajk.rs\/product\/1500-instagram-lajkova\/#primaryimage\"},\"thumbnailUrl\":\"https:\/\/instalajk.rs\/wp-content\/uploads\/2024\/08\/Instalikes-1500.png\",\"datePublished\":\"2024-08-11T10:39:34+00:00\",\"dateModified\":\"2025-07-09T18:18:47+00:00\",\"description\":\"Kopirajte link iz aplikacije, zalepite ga ispod i voila! \u2013 Po\u010de\u0107emo da isporu\u010dujemo va\u0161e lajkove 24\/7 \u2764\ufe0f\",\"breadcrumb\":{\"@id\":\"https:\/\/instalajk.rs\/product\/1500-instagram-lajkova\/#breadcrumb\"},\"inLanguage\":\"sr-RS\",\"potentialAction\":[{\"@type\":\"ReadAction\",\"target\":[\"https:\/\/instalajk.rs\/product\/1500-instagram-lajkova\/\"]}]},{\"@type\":\"ImageObject\",\"inLanguage\":\"sr-RS\",\"@id\":\"https:\/\/instalajk.rs\/product\/1500-instagram-lajkova\/#primaryimage\",\"url\":\"https:\/\/instalajk.rs\/wp-content\/uploads\/2024\/08\/Instalikes-1500.png\",\"contentUrl\":\"https:\/\/instalajk.rs\/wp-content\/uploads\/2024\/08\/Instalikes-1500.png\",\"width\":1104,\"height\":922},{\"@type\":\"BreadcrumbList\",\"@id\":\"https:\/\/instalajk.rs\/product\/1500-instagram-lajkova\/#breadcrumb\",\"itemListElement\":[{\"@type\":\"ListItem\",\"position\":1,\"name\":\"Home\",\"item\":\"https:\/\/instalajk.rs\/\"},{\"@type\":\"ListItem\",\"position\":2,\"name\":\"\u041f\u0440\u0438\u0432\u0430\u0442\u043d\u043e: Shop\",\"item\":\"https:\/\/instalajk.rs\/sr\/?page_id=28\"},{\"@type\":\"ListItem\",\"position\":3,\"name\":\"1500 Instagram Lajkova\"}]},{\"@type\":\"WebSite\",\"@id\":\"https:\/\/instalajk.rs\/#website\",\"url\":\"https:\/\/instalajk.rs\/\",\"name\":\"InstaLajk\",\"description\":\"Pobolj\u0161ajte svoj profil sa nama!\",\"publisher\":{\"@id\":\"https:\/\/instalajk.rs\/#\/schema\/person\/05194d1af4afa7cc3aae8f2ae707243e\"},\"potentialAction\":[{\"@type\":\"SearchAction\",\"target\":{\"@type\":\"EntryPoint\",\"urlTemplate\":\"https:\/\/instalajk.rs\/?s={search_term_string}\"},\"query-input\":{\"@type\":\"PropertyValueSpecification\",\"valueRequired\":true,\"valueName\":\"search_term_string\"}}],\"inLanguage\":\"sr-RS\"},{\"@type\":[\"Person\",\"Organization\"],\"@id\":\"https:\/\/instalajk.rs\/#\/schema\/person\/05194d1af4afa7cc3aae8f2ae707243e\",\"name\":\"helpingsocials\",\"image\":{\"@type\":\"ImageObject\",\"inLanguage\":\"sr-RS\",\"@id\":\"https:\/\/instalajk.rs\/#\/schema\/person\/image\/\",\"url\":\"https:\/\/instalajk.rs\/wp-content\/uploads\/2024\/08\/logo-red.png\",\"contentUrl\":\"https:\/\/instalajk.rs\/wp-content\/uploads\/2024\/08\/logo-red.png\",\"width\":453,\"height\":430,\"caption\":\"helpingsocials\"},\"logo\":{\"@id\":\"https:\/\/instalajk.rs\/#\/schema\/person\/image\/\"}}]}<\/script>\n<!-- \/ Yoast SEO plugin. -->","yoast_head_json":{"title":"1500 Instagram Lajkova - InstaLajk","description":"Kopirajte link iz aplikacije, zalepite ga ispod i voila! \u2013 Po\u010de\u0107emo da isporu\u010dujemo va\u0161e lajkove 24\/7 \u2764\ufe0f","robots":{"index":"index","follow":"follow","max-snippet":"max-snippet:-1","max-image-preview":"max-image-preview:large","max-video-preview":"max-video-preview:-1"},"canonical":"https:\/\/instalajk.rs\/sr\/\u043f\u0440\u043e\u0438\u0437\u0432\u043e\u0434\/1500-instagram-lajkova\/","og_locale":"sr_RS","og_type":"article","og_title":"1500 Instagram Lajkova - InstaLajk","og_description":"Kopirajte link iz aplikacije, zalepite ga ispod i voila! \u2013 Po\u010de\u0107emo da isporu\u010dujemo va\u0161e lajkove 24\/7 \u2764\ufe0f","og_url":"https:\/\/instalajk.rs\/sr\/\u043f\u0440\u043e\u0438\u0437\u0432\u043e\u0434\/1500-instagram-lajkova\/","og_site_name":"InstaLajk","article_modified_time":"2025-07-09T18:18:47+00:00","og_image":[{"width":1104,"height":922,"url":"http:\/\/instalajk.rs\/wp-content\/uploads\/2024\/08\/Instalikes-1500.png","type":"image\/png"}],"twitter_card":"summary_large_image","twitter_misc":{"\u041f\u0440\u043e\u0446\u0435\u045a\u0435\u043d\u043e \u0432\u0440\u0435\u043c\u0435 \u0447\u0438\u0442\u0430\u045a\u0430":"1 \u043c\u0438\u043d\u0443\u0442"},"schema":{"@context":"https:\/\/schema.org","@graph":[{"@type":"WebPage","@id":"https:\/\/instalajk.rs\/product\/1500-instagram-lajkova\/","url":"https:\/\/instalajk.rs\/product\/1500-instagram-lajkova\/","name":"1500 Instagram Lajkova - InstaLajk","isPartOf":{"@id":"https:\/\/instalajk.rs\/#website"},"primaryImageOfPage":{"@id":"https:\/\/instalajk.rs\/product\/1500-instagram-lajkova\/#primaryimage"},"image":{"@id":"https:\/\/instalajk.rs\/product\/1500-instagram-lajkova\/#primaryimage"},"thumbnailUrl":"https:\/\/instalajk.rs\/wp-content\/uploads\/2024\/08\/Instalikes-1500.png","datePublished":"2024-08-11T10:39:34+00:00","dateModified":"2025-07-09T18:18:47+00:00","description":"Kopirajte link iz aplikacije, zalepite ga ispod i voila! \u2013 Po\u010de\u0107emo da isporu\u010dujemo va\u0161e lajkove 24\/7 \u2764\ufe0f","breadcrumb":{"@id":"https:\/\/instalajk.rs\/product\/1500-instagram-lajkova\/#breadcrumb"},"inLanguage":"sr-RS","potentialAction":[{"@type":"ReadAction","target":["https:\/\/instalajk.rs\/product\/1500-instagram-lajkova\/"]}]},{"@type":"ImageObject","inLanguage":"sr-RS","@id":"https:\/\/instalajk.rs\/product\/1500-instagram-lajkova\/#primaryimage","url":"https:\/\/instalajk.rs\/wp-content\/uploads\/2024\/08\/Instalikes-1500.png","contentUrl":"https:\/\/instalajk.rs\/wp-content\/uploads\/2024\/08\/Instalikes-1500.png","width":1104,"height":922},{"@type":"BreadcrumbList","@id":"https:\/\/instalajk.rs\/product\/1500-instagram-lajkova\/#breadcrumb","itemListElement":[{"@type":"ListItem","position":1,"name":"Home","item":"https:\/\/instalajk.rs\/"},{"@type":"ListItem","position":2,"name":"\u041f\u0440\u0438\u0432\u0430\u0442\u043d\u043e: Shop","item":"https:\/\/instalajk.rs\/sr\/?page_id=28"},{"@type":"ListItem","position":3,"name":"1500 Instagram Lajkova"}]},{"@type":"WebSite","@id":"https:\/\/instalajk.rs\/#website","url":"https:\/\/instalajk.rs\/","name":"InstaLajk","description":"Pobolj\u0161ajte svoj profil sa nama!","publisher":{"@id":"https:\/\/instalajk.rs\/#\/schema\/person\/05194d1af4afa7cc3aae8f2ae707243e"},"potentialAction":[{"@type":"SearchAction","target":{"@type":"EntryPoint","urlTemplate":"https:\/\/instalajk.rs\/?s={search_term_string}"},"query-input":{"@type":"PropertyValueSpecification","valueRequired":true,"valueName":"search_term_string"}}],"inLanguage":"sr-RS"},{"@type":["Person","Organization"],"@id":"https:\/\/instalajk.rs\/#\/schema\/person\/05194d1af4afa7cc3aae8f2ae707243e","name":"helpingsocials","image":{"@type":"ImageObject","inLanguage":"sr-RS","@id":"https:\/\/instalajk.rs\/#\/schema\/person\/image\/","url":"https:\/\/instalajk.rs\/wp-content\/uploads\/2024\/08\/logo-red.png","contentUrl":"https:\/\/instalajk.rs\/wp-content\/uploads\/2024\/08\/logo-red.png","width":453,"height":430,"caption":"helpingsocials"},"logo":{"@id":"https:\/\/instalajk.rs\/#\/schema\/person\/image\/"}}]}},"_links":{"self":[{"href":"https:\/\/instalajk.rs\/sr\/wp-json\/wp\/v2\/product\/469","targetHints":{"allow":["GET"]}}],"collection":[{"href":"https:\/\/instalajk.rs\/sr\/wp-json\/wp\/v2\/product"}],"about":[{"href":"https:\/\/instalajk.rs\/sr\/wp-json\/wp\/v2\/types\/product"}],"wp:featuredmedia":[{"embeddable":true,"href":"https:\/\/instalajk.rs\/sr\/wp-json\/wp\/v2\/media\/470"}],"wp:attachment":[{"href":"https:\/\/instalajk.rs\/sr\/wp-json\/wp\/v2\/media?parent=469"}],"wp:term":[{"taxonomy":"product_brand","embeddable":true,"href":"https:\/\/instalajk.rs\/sr\/wp-json\/wp\/v2\/product_brand?post=469"},{"taxonomy":"product_cat","embeddable":true,"href":"https:\/\/instalajk.rs\/sr\/wp-json\/wp\/v2\/product_cat?post=469"},{"taxonomy":"product_tag","embeddable":true,"href":"https:\/\/instalajk.rs\/sr\/wp-json\/wp\/v2\/product_tag?post=469"}],"curies":[{"name":"wp","href":"https:\/\/api.w.org\/{rel}","templated":true}]}}